{"id":103,"date":"2012-03-12T23:23:28","date_gmt":"2012-03-13T02:23:28","guid":{"rendered":"http:\/\/www.discipulosemfeira.com.br\/v1\/?page_id=103"},"modified":"2012-03-12T23:25:07","modified_gmt":"2012-03-13T02:25:07","slug":"a-fe-e","status":"publish","type":"page","link":"https:\/\/www.discipulosemfeira.com.br\/v1\/?page_id=103","title":{"rendered":"A f\u00e9 \u00e9&#8230;"},"content":{"rendered":"<p><strong><em>\u00a0 \u00a0 \u00a0 \u00a0 \u00a0 \u00a0 \u00a0 \u00a0 \u00a0 \u00a0 \u00a0<\/em><\/strong>&#8230; acreditar no invis\u00edvel. A f\u00e9 est\u00e1 tranq\u00fcila quando h\u00e1 uma grande tempestade. A f\u00e9 n\u00e3o \u00e9 passiva, mas p\u00f5e em pr\u00e1tica aquilo que acredita. F\u00e9 \u00e9 pedir o que voc\u00ea precisa. F\u00e9 \u00e9 ouvir o inaud\u00edvel, ver o imposs\u00edvel. F\u00e9 \u00e9 completamente contr\u00e1ria \u00e0s expectativas naturais e \u00e0s condi\u00e7\u00f5es naturais! F\u00e9 \u00e9 criar um v\u00e1cuo no seu cora\u00e7\u00e3o para Deus preencher. F\u00e9 \u00e9 n\u00e3o s\u00f3 acreditar que Deus pode, mas tamb\u00e9m que Deus o far\u00e1! A f\u00e9 n\u00e3o fica surpreendida com a resposta. A f\u00e9 j\u00e1 contava com ela. F\u00e9 \u00e9 manter-se firme quando todos os outros desertam. F\u00e9 \u00e9 queimar todas as pontes para n\u00e3o poder voltar atr\u00e1s. A f\u00e9 est\u00e1 disposta a pagar qualquer pre\u00e7o. F\u00e9 \u00e9 fazer o que Deus lhe diz para fazer hoje e acreditar nEle para amanh\u00e3. A f\u00e9 \u00e9 o contr\u00e1rio do medo. F\u00e9 \u00e9 escolher Deus apesar de haver outras possibilidades. F\u00e9 \u00e9 basear-se na Palavra de Deus e n\u00e3o nos sentimentos. A f\u00e9 est\u00e1 disposta a morrer confiando. \u2013 Este \u00e9 o tipo de f\u00e9 que obt\u00e9m cura e opera milagres!<\/p>\n<p><em>A f\u00e9 \u00e9 um m\u00fasculo que fica cada vez mis forte e el\u00e1stico com o exerc\u00edcio. A f\u00e9 \u00e9 edificada pelo estudo da Palavra de Deus.<\/em><\/p>\n<div id=\"fb_share_1\" style=\"float: right; margin-left: 10px;\"><a name=\"fb_share\" type=\"box_count\" share_url=\"https:\/\/www.discipulosemfeira.com.br\/v1\/?page_id=103\" href=\"http:\/\/www.facebook.com\/sharer.php\">Share<\/a><\/div><div><script src=\"http:\/\/static.ak.fbcdn.net\/connect.php\/js\/FB.Share\" type=\"text\/javascript\"><\/script><\/div>","protected":false},"excerpt":{"rendered":"<p>\u00a0 \u00a0 \u00a0 \u00a0 \u00a0 \u00a0 \u00a0 \u00a0 \u00a0 \u00a0 \u00a0&#8230; acreditar no invis\u00edvel. A f\u00e9 est\u00e1 tranq\u00fcila quando h\u00e1 uma grande tempestade. A f\u00e9 n\u00e3o \u00e9 passiva, mas p\u00f5e em pr\u00e1tica aquilo que acredita. F\u00e9 \u00e9 pedir o que voc\u00ea precisa. F\u00e9 \u00e9 ouvir o inaud\u00edvel, ver o imposs\u00edvel. F\u00e9 \u00e9 completamente contr\u00e1ria \u00e0s &hellip; <\/p>\n<p><a class=\"more-link btn\" href=\"https:\/\/www.discipulosemfeira.com.br\/v1\/?page_id=103\">Continue lendo<\/a><\/p>\n","protected":false},"author":2,"featured_media":0,"parent":73,"menu_order":0,"comment_status":"closed","ping_status":"open","template":"","meta":{"footnotes":""},"_links":{"self":[{"href":"https:\/\/www.discipulosemfeira.com.br\/v1\/index.php?rest_route=\/wp\/v2\/pages\/103"}],"collection":[{"href":"https:\/\/www.discipulosemfeira.com.br\/v1\/index.php?rest_route=\/wp\/v2\/pages"}],"about":[{"href":"https:\/\/www.discipulosemfeira.com.br\/v1\/index.php?rest_route=\/wp\/v2\/types\/page"}],"author":[{"embeddable":true,"href":"https:\/\/www.discipulosemfeira.com.br\/v1\/index.php?rest_route=\/wp\/v2\/users\/2"}],"replies":[{"embeddable":true,"href":"https:\/\/www.discipulosemfeira.com.br\/v1\/index.php?rest_route=%2Fwp%2Fv2%2Fcomments&post=103"}],"version-history":[{"count":3,"href":"https:\/\/www.discipulosemfeira.com.br\/v1\/index.php?rest_route=\/wp\/v2\/pages\/103\/revisions"}],"predecessor-version":[{"id":107,"href":"https:\/\/www.discipulosemfeira.com.br\/v1\/index.php?rest_route=\/wp\/v2\/pages\/103\/revisions\/107"}],"up":[{"embeddable":true,"href":"https:\/\/www.discipulosemfeira.com.br\/v1\/index.php?rest_route=\/wp\/v2\/pages\/73"}],"wp:attachment":[{"href":"https:\/\/www.discipulosemfeira.com.br\/v1\/index.php?rest_route=%2Fwp%2Fv2%2Fmedia&parent=103"}],"curies":[{"name":"wp","href":"https:\/\/api.w.org\/{rel}","templated":true}]}}