{"id":11,"date":"2012-03-11T21:51:29","date_gmt":"2012-03-11T21:51:29","guid":{"rendered":"http:\/\/www.discipulosemfeira.com.br\/v1\/?page_id=11"},"modified":"2012-03-12T22:50:59","modified_gmt":"2012-03-13T01:50:59","slug":"quem-somos","status":"publish","type":"page","link":"https:\/\/www.discipulosemfeira.com.br\/v1\/?page_id=11","title":{"rendered":"Quem somos"},"content":{"rendered":"<p>Somos parte da Igreja do Senhor que est\u00e1 sendo restaurada sobre a terra. Cremos com firmeza na verdade contida na Palavra de Deus e a temos como regra de f\u00e9 e pr\u00e1tica. Cremos no Prop\u00f3sito Eterno de Deus ao criar o homem. Certos estamos que a verdade do Senhor tem sido restaurada nestes dias do fim e que a Igreja se levantar\u00e1 gloriosa sendo firmada no principio que Deus de antem\u00e3o planejou para que ela vivesse. Cremos que Jesus Cristo \u00e9 o fundamento da F\u00e9 e a doutrina dos ap\u00f3stolos base para ensino na Igreja. Cremos na encarna\u00e7\u00e3o do Verbo Eterno, sua vida perfeita e\u00a0irrepreens\u00edvel, sua obra tremenda e gloriosa, sua morte pelos nossos pecados, sua\u00a0ressurrei\u00e7\u00e3o, sua\u00a0exalta\u00e7\u00e3o\u00a0e sua volta com poder e gloria. Cremos que todas as coisas ser\u00e3o restauradas plenamente e os remidos habitar\u00e3o para sempre com o Senhor. Cremos ainda, que a plenitude da revela\u00e7\u00e3o ser\u00e1 manifestada na Igreja do Senhor na medida que seu povo se render a a\u00e7\u00e3o graciosa do Espirito Santo que em n\u00f3s habita. Entendemos com clareza que apenas fazemos parte desta Igreja gloriosa que tem se levantado sobre a terra com o prop\u00f3sito de fazer conhecidas as virtudes do nosso amado JESUS.<\/p>\n<p>&nbsp;<\/p>\n<div id=\"fb_share_1\" style=\"float: right; margin-left: 10px;\"><a name=\"fb_share\" type=\"box_count\" share_url=\"https:\/\/www.discipulosemfeira.com.br\/v1\/?page_id=11\" href=\"http:\/\/www.facebook.com\/sharer.php\">Share<\/a><\/div><div><script src=\"http:\/\/static.ak.fbcdn.net\/connect.php\/js\/FB.Share\" type=\"text\/javascript\"><\/script><\/div>","protected":false},"excerpt":{"rendered":"<p>Somos parte da Igreja do Senhor que est\u00e1 sendo restaurada sobre a terra. Cremos com firmeza na verdade contida na Palavra de Deus e a temos como regra de f\u00e9 e pr\u00e1tica. Cremos no Prop\u00f3sito Eterno de Deus ao criar o homem. Certos estamos que a verdade do Senhor tem sido restaurada nestes dias do &hellip; <\/p>\n<p><a class=\"more-link btn\" href=\"https:\/\/www.discipulosemfeira.com.br\/v1\/?page_id=11\">Continue lendo<\/a><\/p>\n","protected":false},"author":1,"featured_media":0,"parent":0,"menu_order":0,"comment_status":"closed","ping_status":"open","template":"","meta":{"footnotes":""},"_links":{"self":[{"href":"https:\/\/www.discipulosemfeira.com.br\/v1\/index.php?rest_route=\/wp\/v2\/pages\/11"}],"collection":[{"href":"https:\/\/www.discipulosemfeira.com.br\/v1\/index.php?rest_route=\/wp\/v2\/pages"}],"about":[{"href":"https:\/\/www.discipulosemfeira.com.br\/v1\/index.php?rest_route=\/wp\/v2\/types\/page"}],"author":[{"embeddable":true,"href":"https:\/\/www.discipulosemfeira.com.br\/v1\/index.php?rest_route=\/wp\/v2\/users\/1"}],"replies":[{"embeddable":true,"href":"https:\/\/www.discipulosemfeira.com.br\/v1\/index.php?rest_route=%2Fwp%2Fv2%2Fcomments&post=11"}],"version-history":[{"count":5,"href":"https:\/\/www.discipulosemfeira.com.br\/v1\/index.php?rest_route=\/wp\/v2\/pages\/11\/revisions"}],"predecessor-version":[{"id":13,"href":"https:\/\/www.discipulosemfeira.com.br\/v1\/index.php?rest_route=\/wp\/v2\/pages\/11\/revisions\/13"}],"wp:attachment":[{"href":"https:\/\/www.discipulosemfeira.com.br\/v1\/index.php?rest_route=%2Fwp%2Fv2%2Fmedia&parent=11"}],"curies":[{"name":"wp","href":"https:\/\/api.w.org\/{rel}","templated":true}]}}