{"id":182,"date":"2012-03-14T15:13:30","date_gmt":"2012-03-14T18:13:30","guid":{"rendered":"http:\/\/www.discipulosemfeira.com.br\/v1\/?page_id=182"},"modified":"2012-03-14T15:40:19","modified_gmt":"2012-03-14T18:40:19","slug":"ministracao-de-eliseu-da-cruz-moreira","status":"publish","type":"page","link":"https:\/\/www.discipulosemfeira.com.br\/v1\/?page_id=182","title":{"rendered":"Palavra do Retiro 2006"},"content":{"rendered":"<p>Retiro Geral, S\u00e1bado, 29 de Abril de 2006 &#8211; manh\u00e3<\/p>\n<p>&nbsp;<\/p>\n<blockquote><p>Tr\u00eas coisas que temos que ter convic\u00e7\u00e3o:<\/p>\n<ul>\n<li>1. Deus quer fazer. Tenho que ter convic\u00e7\u00e3o disso. Poder\u00edamos estar em qualquer outro lugar, mas estamos aqui.<\/li>\n<li>2. O diabo quer atrapalhar. Sejamos sens\u00edveis ao Senhor, porque nossa luta n\u00e3o \u00e9 contra carne e o sangue<\/li>\n<li>3. A despeito de tudo isso, Deus far\u00e1, a depender da nossa disposi\u00e7\u00e3o diante do Senhor\u201d.<\/li>\n<\/ul>\n<p>Josias Vilela<\/p><\/blockquote>\n<p>&nbsp;<\/p>\n<blockquote><p>A \u00fanica expectativa que deve dominar o meu cora\u00e7\u00e3o deve ser t\u00e3o somente estar onde o Senhor est\u00e1 sendo adorado e ador\u00e1-lo. Estar diante do meu Rei e meu Senhor para ador\u00e1-lo e contempl\u00e1-lo na beleza da sua santidade.<br \/>\nQuando nos reunimos em nome de Jesus, Ele \u00e9 o centro de todas as coisas, e n\u00e3o podemos nos esquecer que tudo \u00e9 por Ele e para Ele. N\u00e3o h\u00e1 ningu\u00e9m nem nada acima dele. Ele \u00e9 a raz\u00e3o da nossa liberdade, liberdade diante dele, como adoradores que somos.<\/p>\n<p>Eliseu da Cruz Moreira<\/p><\/blockquote>\n<p>&nbsp;<\/p>\n<p>Deus tem falado gravemente ao meu cora\u00e7\u00e3o nestes dias. Estou h\u00e1 dois dias com um texto soando terrivelmente aos meus ouvidos. Ele, o Senhor, tem me falado, no livro do profeta Daniel, cap\u00edtulo 8.23-25, sobre o anti-cristo que se levantar\u00e1 nos \u00faltimos dias como o \u00faltimo rei na terra (governante). As Escrituras t\u00eam registro claro da hist\u00f3ria da humanidade: o passado, o presente e o futuro (Is 46.10). Falaremos um pouco do passado, para falarmos do futuro. A Igreja precisa discernir em que tempo est\u00e1 na hist\u00f3ria (Is 21.11), quais as armas que Satan\u00e1s tem usado, e quais as advert\u00eancias de Jesus sobre o nosso tempo presente. Existem graves advert\u00eancias sobre esse tempo.<\/p>\n<p>Paulo, em sua carta a Tim\u00f3teo, descreve o homem dos dias do fim 2Tm 3.1-6,: \u201camantes de si mesmos, avarentos, presun\u00e7osos, soberbos, blasfemos, desobedientes a pais e m\u00e3es, ingratos, profanos, sem afeto natural, irreconcili\u00e1veis, caluniadores, incontinentes, cru\u00e9is, sem amor para com os bons, traidores, obstinados, orgulhosos, mais amigos dos deleites do que amigos de Deus, tendo apar\u00eancia de piedade, mas negando a efic\u00e1cia dela\u201d.<\/p>\n<p>Nunca se viu tanto descontrole como nos \u00faltimos dias, os pais est\u00e3o encurralados, vivemos a tirania do governo infantil, os pais vivem com medo de aplicar as verdades descritas em Prov\u00e9rbios, que cont\u00eam a sabedoria divina. Os pais est\u00e3o apavorados por for\u00e7a da psicologia moderna, ficam frouxos no padr\u00e3o que Deus estabeleceu. A B\u00edblia \u00e9 o melhor manual para cria\u00e7\u00e3o de filhos.<\/p>\n<p>Nunca as pessoas foram t\u00e3o soberbas e presun\u00e7osas a tal ponto que as v\u00e3s sutilezas se infiltraram na Igreja.<\/p>\n<p>Satan\u00e1s \u00e9 mentiroso porque ele n\u00e3o diz tudo, ele conta verdades pela metade, que s\u00e3o mentiras completas. A serpente prop\u00f4s ao homem que se ele comesse do fruto, como Deus, ele ficaria sabendo do bem e do mal, mas n\u00e3o lhe contou que, conhecendo o bem n\u00e3o conseguiria faz\u00ea-lo, e conhecendo o mal n\u00e3o conseguiria deixar de faz\u00ea-lo. Jesus dizia: \u201cna verdade, na verdade vos digo\u201d porque Ele sempre diz a verdade por completo.<\/p>\n<p>O que Ad\u00e3o fez quando pecou? Ele se viu nu e fez para si uma roupa de folhas. Procurou uma solu\u00e7\u00e3o nele mesmo, sem olhar o que Deus \u00e9. Ele achava que n\u00e3o poderia comparecer nu diante de Deus. Contudo, sua roupa era insuficiente e n\u00e3o atendia a justi\u00e7a de Deus. Ad\u00e3o resolveu o problema do ponto de vista dele \u2013 sua justi\u00e7a pr\u00f3pria \u00e9 como trapos de imund\u00edcia (Is 64.6). A compreens\u00e3o do que eu sou sem a revela\u00e7\u00e3o do que Deus \u00e9 \u00e9 a velha t\u00e1tica da velha serpente. Quando eu olho para quem eu sou sem compreender quem Deus \u00e9, busco solu\u00e7\u00f5es humanas. Deus proveu para Ad\u00e3o t\u00fanicas de pele e os vestiu com a Sua justi\u00e7a.<\/p>\n<p>Alguns escritores apontam solu\u00e7\u00f5es humanas para problemas emocionais com seus livros de auto-ajuda, prometendo solu\u00e7\u00f5es r\u00e1pidas em curto per\u00edodo de tempo. Isto \u00e9 mentira, s\u00f3 h\u00e1 solu\u00e7\u00e3o em Cristo, isso \u00e9 fazer para si vestimentas de folhas. As solu\u00e7\u00f5es humanas acalmam mas n\u00e3o curam, a \u00fanica for\u00e7a capaz de mudar a vida do homem \u00e9 a velha cruz. Ou Cristo, ou nada. \u201cA cruz ainda \u00e9 a \u00fanica solu\u00e7\u00e3o para os problemas da alma\u201d. Quando nos vemos nus, censuramos a n\u00f3s mesmos, contudo, a solu\u00e7\u00e3o humana \u00e9 incapaz de resolver o problema do homem. Ad\u00e3o fugiu e encontrou as solu\u00e7\u00f5es humanas; h\u00e1 muitos esconderijos que nos escondem da presen\u00e7a de Deus, inclusive a religi\u00e3o, mas n\u00e3o resolvem. A Igreja aceita as pessoas por convers\u00e3o, e n\u00e3o por ades\u00e3o. Uma pessoa n\u00e3o pode se unir ao grupo porque simpatiza com ele, porque l\u00e1 eles t\u00eam amor uns pelos outros. S\u00f3 h\u00e1 uma forma de fazer parte da Igreja do Senhor: o novo nascimento. Ou nasce de novo, ou est\u00e1 perdido.<\/p>\n<p>Nos \u00faltimos dias os homens amontoar\u00e3o para si mestres conforme seus pr\u00f3prios interesses, trazendo falsas doutrinas e v\u00e3s filosofias: regress\u00e3o, vidas passadas, maldi\u00e7\u00e3o heredit\u00e1ria, cura interior, cromoterapia, educa\u00e7\u00e3o hol\u00edstica, yoga, etc. Visando, atrav\u00e9s disso, nos libertar dos nossos gigantes (Golias). Esses recursos s\u00e3o as vestes de Ad\u00e3o. O nosso maior Golias \u00e9 o nosso eu, e o que pode vencer este Golias \u00e9 a cruz de Cristo, e a vit\u00f3ria que Deus tem para n\u00f3s \u00e9 perseverar at\u00e9 o fim. Os crist\u00e3os do primeiro s\u00e9culo resolviam seus problemas indo para a cruz (Gl 2.20). N\u00e3o sei por que a velha cruz foi abandonada, precisamos voltar \u00e0 velha cruz.<\/p>\n<p>Lc 18.8: Quando vier o filho do homem, achar\u00e1 f\u00e9 na terra? O Filho do Homem est\u00e1 longe ou perto de voltar?<\/p>\n<p>A f\u00e9 moderna \u00e9 estranha, os crist\u00e3os modernos ordenam, exigem, decretam, determinam o que querem de Deus, transformaram Deus em um menino de recados. Os crist\u00e3os querem palavras m\u00e1gicas. A f\u00e9 de hoje busca mais videntes do que a verdade do Senhor. Se a presen\u00e7a de Deus est\u00e1 aqui, a evid\u00eancia mais forte de sua presen\u00e7a \u00e9 o arrependimento. O arrependimento revela ao homem quem \u00e9 o Senhor.Quando o homem se encontra diante de Jesus, ele se sente perdido porque reconhece que \u00e9 pecador. Entretanto Jesus lhe diz \u201cvim mostrar quem voc\u00ea \u00e9, mas tamb\u00e9m vim mostrar quem Eu Sou\u201d.\u00c0s vezes as nossas mentes est\u00e3o treinadas para buscar mestres que nos digam o que queremos ouvir. N\u00e3o podemos ser c\u00e9ticos, mas tamb\u00e9m n\u00e3o podemos ter uma disposi\u00e7\u00e3o descontrolada pelo sobrenatural. N\u00e3o vamos nunca mais voltar \u00e0s f\u00e1bulas.Certa vez me pediram para que eu aben\u00e7oasse cada c\u00f4modo de uma casa. Jesus veio fazer liberta\u00e7\u00e3o nas pessoas, e n\u00e3o nos ambientes.A f\u00e9 moderna \u00e9 uma crendice para tirar de Deus todos o benef\u00edcio que Ele pode dar.Deus \u00e9 a b\u00ean\u00e7\u00e3o do seu povo. Temos que t\u00ea-Lo como a b\u00ean\u00e7\u00e3o em nossas vidas, e n\u00e3o apenas buscar o que Ele tem para dar.Lc 12.56: Estamos nos \u00faltimos momentos da Igreja na terra. Como na par\u00e1bola das dez virgens (Mt 25), podemos dizer que cinq\u00fcenta por cento est\u00e1 vigiando e cinq\u00fcenta por cento est\u00e1 dormindo, vivendo despreocupadamente.Ser\u00e1 que estamos sabendo discernir o tempo em que estamos? A b\u00ean\u00e7\u00e3o de Deus est\u00e1 na nossa santifica\u00e7\u00e3o e na nossa vida com Ele.Cl 2.8: Cuidado! A sutileza \u00e9 v\u00e3, a filosofia \u00e9 v\u00e3. Igreja, tenha cuidado! Tem filosofia demais entrando e nos fazendo distanciar da velha cruz.2Ts 2.1-3: Ningu\u00e9m vos engane! O Senhor n\u00e3o voltar\u00e1 sem que antes haja uma grande apostasia, e j\u00e1 tem acontecido nestes dias. O grande abandono de uma f\u00e9 pura migrando para uma f\u00e9 que n\u00e3o \u00e9 verdadeira, e de uma f\u00e9 genu\u00edna para uma f\u00e9 que parece de Deus, mas n\u00e3o \u00e9 de Deus.Mc 12.28-37: \u201cPara que n\u00e3o aconte\u00e7a que quando ele voltar nos encontre dormindo\u201d. H\u00e1 possibilidade de n\u00f3s dormirmos?Lc 21.24-35: Acautelai-vos! Cuidado com a libertinagem, a bebedeira e a ansiedade da vida. A filosofia do mundo \u00e9 que o homem deve possuir e ter. Esteja atento porque quando chegar na eternidade ver\u00e1 que n\u00e3o tem nada constru\u00eddo por voc\u00ea.Cuidado com a bebedeira, libertinagem e ansiedade da vida.<br \/>\nNo Egito, quando o povo estava prestes a sair da escravid\u00e3o Fara\u00f3 dizia \u201caumente o trabalho\u201d, para que o povo n\u00e3o tivesse tempo de pensar na terra prometida. Satan\u00e1s est\u00e1 acelerando as pessoas, aumentando suas cargas hor\u00e1rias para que elas n\u00e3o tenham tempo de pensar no Senhor.<\/p>\n<p>\u201cPlanos n\u00e3o! Vestidos para sair\u201d. Usem do mundo, mas sem planos para ele, n\u00e3o ponham o cora\u00e7\u00e3o nele, vivam em tendas, porque voc\u00eas est\u00e3o prestes a sair. Voc\u00eas s\u00e3o peregrinos na terra.<\/p>\n<p>Orem para que voc\u00eas posam estar de p\u00e9 diante do Filho do Homem. S\u00e3o muitos textos que nos advertem sobre os acontecimentos dos \u00faltimos dias. Nada \u00e9 comparado ao quadro espiritual descrito por Jesus e seus profetas.<\/p>\n<p>Ap 3.13-22: Quando o Senhor fala \u00e0 Igreja de Laodic\u00e9ia, manda que compre col\u00edrio, Deus diz: \u201cvoc\u00eas pensam de voc\u00eas algo que eu n\u00e3o penso\u201d.<\/p>\n<p>Laodic\u00e9ia ficava perto de Colossos, era riqu\u00edssima, mas n\u00e3o tinha \u00e1gua pot\u00e1vel, que era fornecida por Colossos e Hierap\u00f3lis. Eles eram peritos em ouro, s\u00f3 em tocar sabiam discernir o quilate do ouro; eles tinturavam tecidos e eram os melhores do mundo de sua \u00e9poca, produziam uma pasta que evitava cegueira. Em 68 D.C. houve um terremoto, arrasando aquela cidade, o governo Romano se prop\u00f4s a ajud\u00e1-los, mas eles recusaram a oferta de Roma, porque eram ricos. &#8220;Voc\u00eas dizem que s\u00e3o ricos e n\u00e3o t\u00eam necessidade de nada, voc\u00eas t\u00eam uma id\u00e9ia acerca de voc\u00eas mesmos que eu reprovo, t\u00eam ouro mas s\u00e3o pobres, produzem pasta mas s\u00e3o cegos, vendem tecidos e est\u00e3o nus. Antes fossem quentes ou frios&#8221;.<\/p>\n<p>A \u00e1gua de Laodic\u00e9ia era morna porque procedia de uma fonte quente e outra fria que se misturavam, tornando a \u00e1gua morna. Quando os laodicences iam beber \u00e1gua, e percebiam que ela estava morna, eles a expeliam da boca, porque \u00e9 desagrad\u00e1vel beber \u00e1gua morna quando se est\u00e1 com sede. Ser quente ou frio s\u00e3o posturas espirituais dentro da Igreja. Tem palavras que s\u00e3o graves, \u201cquentes\u201d e n\u00e3o consolam, mas trazem exorta\u00e7\u00e3o e corre\u00e7\u00e3o; e h\u00e1 palavras que trazem muito consolo, s\u00e3o \u201cfrias\u201d, como o refrig\u00e9rio de uma bebida gelada em um dia quente. \u201cDeus tem os quentes e os frios no meio da Igreja. Os que v\u00e3o profetizar (corrigir), e os que v\u00e3o consolar. Deus precisa ter ambos, muito consolo e muita firmeza. A Igreja de Laodic\u00e9ia se assemelha \u00e0 Igreja moderna.<\/p>\n<p>Pais, precisamos acordar para a feiti\u00e7aria, ocultismo da TV e dos jogos: video-games, LAN houses. Satan\u00e1s est\u00e1 preparando as crian\u00e7as para entender a linguagem da feiti\u00e7aria no tempo do anti-cristo.<\/p>\n<p>&nbsp;<\/p>\n<p>RESUMO DA MINISTRA\u00c7\u00c3O DE Eliseu da Cruz Moreira<\/p>\n<p align=\"left\">\n<div id=\"fb_share_1\" style=\"float: right; margin-left: 10px;\"><a name=\"fb_share\" type=\"box_count\" share_url=\"https:\/\/www.discipulosemfeira.com.br\/v1\/?page_id=182\" href=\"http:\/\/www.facebook.com\/sharer.php\">Share<\/a><\/div><div><script src=\"http:\/\/static.ak.fbcdn.net\/connect.php\/js\/FB.Share\" type=\"text\/javascript\"><\/script><\/div>","protected":false},"excerpt":{"rendered":"<p>Retiro Geral, S\u00e1bado, 29 de Abril de 2006 &#8211; manh\u00e3 &nbsp; Tr\u00eas coisas que temos que ter convic\u00e7\u00e3o: 1. Deus quer fazer. Tenho que ter convic\u00e7\u00e3o disso. Poder\u00edamos estar em qualquer outro lugar, mas estamos aqui. 2. O diabo quer atrapalhar. Sejamos sens\u00edveis ao Senhor, porque nossa luta n\u00e3o \u00e9 contra carne e o sangue &hellip; <\/p>\n<p><a class=\"more-link btn\" href=\"https:\/\/www.discipulosemfeira.com.br\/v1\/?page_id=182\">Continue lendo<\/a><\/p>\n","protected":false},"author":1,"featured_media":0,"parent":73,"menu_order":0,"comment_status":"open","ping_status":"open","template":"","meta":{"footnotes":""},"_links":{"self":[{"href":"https:\/\/www.discipulosemfeira.com.br\/v1\/index.php?rest_route=\/wp\/v2\/pages\/182"}],"collection":[{"href":"https:\/\/www.discipulosemfeira.com.br\/v1\/index.php?rest_route=\/wp\/v2\/pages"}],"about":[{"href":"https:\/\/www.discipulosemfeira.com.br\/v1\/index.php?rest_route=\/wp\/v2\/types\/page"}],"author":[{"embeddable":true,"href":"https:\/\/www.discipulosemfeira.com.br\/v1\/index.php?rest_route=\/wp\/v2\/users\/1"}],"replies":[{"embeddable":true,"href":"https:\/\/www.discipulosemfeira.com.br\/v1\/index.php?rest_route=%2Fwp%2Fv2%2Fcomments&post=182"}],"version-history":[{"count":22,"href":"https:\/\/www.discipulosemfeira.com.br\/v1\/index.php?rest_route=\/wp\/v2\/pages\/182\/revisions"}],"predecessor-version":[{"id":193,"href":"https:\/\/www.discipulosemfeira.com.br\/v1\/index.php?rest_route=\/wp\/v2\/pages\/182\/revisions\/193"}],"up":[{"embeddable":true,"href":"https:\/\/www.discipulosemfeira.com.br\/v1\/index.php?rest_route=\/wp\/v2\/pages\/73"}],"wp:attachment":[{"href":"https:\/\/www.discipulosemfeira.com.br\/v1\/index.php?rest_route=%2Fwp%2Fv2%2Fmedia&parent=182"}],"curies":[{"name":"wp","href":"https:\/\/api.w.org\/{rel}","templated":true}]}}