{"id":269,"date":"2012-03-16T16:13:50","date_gmt":"2012-03-16T19:13:50","guid":{"rendered":"http:\/\/www.discipulosemfeira.com.br\/v1\/?page_id=269"},"modified":"2012-03-16T16:55:53","modified_gmt":"2012-03-16T19:55:53","slug":"a-palavra","status":"publish","type":"page","link":"https:\/\/www.discipulosemfeira.com.br\/v1\/?page_id=269","title":{"rendered":"A Palavra"},"content":{"rendered":"<p align=\"justify\">&#8220;&#8230;<strong>E<\/strong>le te humilhou, e te deixou ter forme, e te sustentou com o man\u00e1, que tu n\u00e3o conheceste, nem teus pais o conheceram, para te dar a entender que nem s\u00f3 de p\u00e3o viver\u00e1 o homem, mas de tudo o que procede da boca do Senhor, disso viver\u00e1 o homem&#8221;. Deuteron\u00f4mio 8.3<\/p>\n<p align=\"justify\"><strong>O QUE A PALAVRA DE DEUS PRODUZ EM N\u00d3S?<\/strong><\/p>\n<p align=\"justify\">* ORIENTA\u00c7\u00c3O (Salmo 119.105)<br \/>\n* ESTABILIDADE (Ef\u00e9sios 4.14)<br \/>\n* SABEDORIA (Salmo 119.99-100)<br \/>\n* VIT\u00d3RIA CONTRA O PECADO (Salmo 119.11)<br \/>\n* PAZ (Salmo 119.165)<br \/>\n* ESPERAN\u00c7A (Romanos 15.4)<br \/>\n* REVELA\u00c7\u00c3O (Hebreus 4.12)<\/p>\n<p><strong>O QUE N\u00d3S DEVEMOS FAZER COM A PALAVRA DE DEUS?<\/strong><\/p>\n<p>* DESEJAR (I Pedro 2.2)<br \/>\n* TEMER COM TREMOR (Isa\u00edas 66.2)<br \/>\n* EXAMINAR (Atos 17:11)<br \/>\n* BUSCAR (Isa\u00edas 34.16)<br \/>\n* GUARDAR NO CORA\u00c7\u00c3O (Deuteron\u00f4mio 11.18; Colossenses 3.16)<br \/>\n* PRATICAR (Jo\u00e3o 15.7; Tiago 1.22-25)<br \/>\n* ENSINAR (Deuteron\u00f4mio 11.19)<\/p>\n<p align=\"justify\"><strong><br \/>\n<strong>COMO DEVEMOS LER A PALAVRA DE DEUS<\/strong><\/strong><\/p>\n<p align=\"justify\"><strong><\/strong>a) Come\u00e7ar pelos evangelhos. Ler, na ordem, os quatro evangelhos no m\u00ednimo duas vezes. Depois o livro de Atos, as ep\u00edstolas e por \u00faltimo Apocalipse.<br \/>\nb) Os tipos de leitura s\u00e3o:<br \/>\n* Devocional: Nesse tipo de leitura a \u00eanfase est\u00e1 em particularizar a Palavra, n\u00e3o levando em conta o aspecto hist\u00f3rico, doutrin\u00e1rio, etc. Se l\u00ea poucos vers\u00edculos, meditando, &#8220;ruminando&#8221; a Palavra para extrair tudo para nossas vidas, em car\u00e1ter pessoal.<br \/>\n* Sistem\u00e1tica: Nessa tomamos a Palavra como um todo, de maneira ordenada. Deve-se ler cap\u00edtulos para que n\u00e3o se perca o contexto.<br \/>\nc) Ler com ora\u00e7\u00e3o, pedindo que o Esp\u00edrito Santo descortine a Palavra para n\u00f3s<br \/>\nd) Memorizar as verdades centrais da Palavra<br \/>\ne) Ler primordialmente o novo testamento pois nele est\u00e3o contidas as realidades e n\u00e3o as sombras (Colossenses 2:16,17)<\/p>\n<pre>Fonte:\u00a0<a href=\"http:\/\/www.discipulado.com.br\/\" target=\"_blank\">http:\/\/www.discipulado.com.br<\/a><\/pre>\n<div id=\"fb_share_1\" style=\"float: right; margin-left: 10px;\"><a name=\"fb_share\" type=\"box_count\" share_url=\"https:\/\/www.discipulosemfeira.com.br\/v1\/?page_id=269\" href=\"http:\/\/www.facebook.com\/sharer.php\">Share<\/a><\/div><div><script src=\"http:\/\/static.ak.fbcdn.net\/connect.php\/js\/FB.Share\" type=\"text\/javascript\"><\/script><\/div>","protected":false},"excerpt":{"rendered":"<p>&#8220;&#8230;Ele te humilhou, e te deixou ter forme, e te sustentou com o man\u00e1, que tu n\u00e3o conheceste, nem teus pais o conheceram, para te dar a entender que nem s\u00f3 de p\u00e3o viver\u00e1 o homem, mas de tudo o que procede da boca do Senhor, disso viver\u00e1 o homem&#8221;. Deuteron\u00f4mio 8.3 O QUE A &hellip; <\/p>\n<p><a class=\"more-link btn\" href=\"https:\/\/www.discipulosemfeira.com.br\/v1\/?page_id=269\">Continue lendo<\/a><\/p>\n","protected":false},"author":1,"featured_media":0,"parent":267,"menu_order":0,"comment_status":"closed","ping_status":"open","template":"","meta":{"footnotes":""},"_links":{"self":[{"href":"https:\/\/www.discipulosemfeira.com.br\/v1\/index.php?rest_route=\/wp\/v2\/pages\/269"}],"collection":[{"href":"https:\/\/www.discipulosemfeira.com.br\/v1\/index.php?rest_route=\/wp\/v2\/pages"}],"about":[{"href":"https:\/\/www.discipulosemfeira.com.br\/v1\/index.php?rest_route=\/wp\/v2\/types\/page"}],"author":[{"embeddable":true,"href":"https:\/\/www.discipulosemfeira.com.br\/v1\/index.php?rest_route=\/wp\/v2\/users\/1"}],"replies":[{"embeddable":true,"href":"https:\/\/www.discipulosemfeira.com.br\/v1\/index.php?rest_route=%2Fwp%2Fv2%2Fcomments&post=269"}],"version-history":[{"count":6,"href":"https:\/\/www.discipulosemfeira.com.br\/v1\/index.php?rest_route=\/wp\/v2\/pages\/269\/revisions"}],"predecessor-version":[{"id":272,"href":"https:\/\/www.discipulosemfeira.com.br\/v1\/index.php?rest_route=\/wp\/v2\/pages\/269\/revisions\/272"}],"up":[{"embeddable":true,"href":"https:\/\/www.discipulosemfeira.com.br\/v1\/index.php?rest_route=\/wp\/v2\/pages\/267"}],"wp:attachment":[{"href":"https:\/\/www.discipulosemfeira.com.br\/v1\/index.php?rest_route=%2Fwp%2Fv2%2Fmedia&parent=269"}],"curies":[{"name":"wp","href":"https:\/\/api.w.org\/{rel}","templated":true}]}}