{"id":299,"date":"2012-03-16T17:27:53","date_gmt":"2012-03-16T20:27:53","guid":{"rendered":"http:\/\/www.discipulosemfeira.com.br\/v1\/?page_id=299"},"modified":"2012-03-16T17:27:53","modified_gmt":"2012-03-16T20:27:53","slug":"impureza-sexual","status":"publish","type":"page","link":"https:\/\/www.discipulosemfeira.com.br\/v1\/?page_id=299","title":{"rendered":"Impureza sexual"},"content":{"rendered":"<p align=\"justify\"><strong>INTRODU\u00c7\u00c3O<\/strong><\/p>\n<p align=\"justify\"><strong>E<\/strong>ste \u00e9 um dos pecados mais dominantes da nossa sociedade. J\u00e1 que \u00e9 t\u00e3o comum e aceito por tantas pessoas quase como norma de vida, \u00e9 necess\u00e1rio que como crist\u00e3os, nos conscientizemos com a clara orienta\u00e7\u00e3o da palavra de Deus.<\/p>\n<p align=\"justify\"><strong>I. DEUS CRIOU O HOMEM E A MULHER E \u00c9 O AUTOR DO SEXO (Gn 2.20-25; 1.27-28)<\/strong><\/p>\n<p align=\"justify\">Portanto o sexo \u00e9 puro e santo dentro do quadro do sublime prop\u00f3sito de Deus. Segundo o relato b\u00edblico, a mulher foi feita de uma parte f\u00edsica do homem. H\u00e1, pois, desde o princ\u00edpio, uma afinidade natural entre os dois sexos. Deus colocou entre os dois uma atra\u00e7\u00e3o m\u00fatua. Isto \u00e9 normal e constitui uma lei natural em toda ra\u00e7a .<\/p>\n<p align=\"justify\">Evidentemente, esta atra\u00e7\u00e3o entre os sexos foi estabelecida por Deus tanto para felicidade do ser humano, como tamb\u00e9m para a procria\u00e7\u00e3o da ra\u00e7a. J\u00e1 que \u00e9 uma rela\u00e7\u00e3o t\u00e3o din\u00e2mica e t\u00e3o poderosa, e para evitar abusos e conseq\u00fc\u00eancias muito tristes, Deus mesmo fixou certos limites bem claros que devemos respeitar inquestionavelmente.<\/p>\n<p align=\"justify\"><strong>II. AS RELA\u00c7\u00d5ES SEXUAIS S\u00c3O RESERVADAS UNICAMENTE PARA A VIDA MATRIMONIAL.<\/strong><\/p>\n<p align=\"justify\">A passagem referida em G\u00eanesis faz concluir que a rela\u00e7\u00e3o normal \u00e9 de monogamia. Al\u00e9m disso, \u00e9 uma rela\u00e7\u00e3o indissol\u00favel, vital\u00edcia. Dentro do matrim\u00f4nio a rela\u00e7\u00e3o sexual \u00e9 pura, normal, prazerosa, leg\u00edtima, n\u00e3o \u00e9 suja (I Co 7.2-5; 10.17; Pv 5.15-23). Deve ser purificada, pois, de impurezas e de atitudes abusivas, ego\u00edstas e anormais.<\/p>\n<p align=\"justify\">Cada homem deve ter a sua pr\u00f3pria esposa (a menos que Deus lhe haja dado o dom de contin\u00eancia), e conformar-se e limitar-se estritamente a ela, quanto a contatos sexuais. O corpo de cada parte do matrim\u00f4nio est\u00e1 sob a posse da outra parte (se aplica a ambos os sexos e acaba com o machismo). Devemos nos disciplinarmos sexualmente. A contin\u00eancia n\u00e3o \u00e9 imposs\u00edvel ao homem (Ver I Co 7.2-4).<\/p>\n<p align=\"justify\"><strong>III. TODA RELA\u00c7\u00c3O SEXUAL FORA DO MATRIM\u00d4NIO EST\u00c1 PROIBIDA E SER\u00c1 JULGADA POR DEUS<\/strong><\/p>\n<p align=\"justify\">(I Co 6.9; Gl 5.19; Ef 5.3-5; Cl 3.5; I Ts 4.1-7; Hb 13.4; Mt 19.9)<br \/>\nAs rela\u00e7\u00f5es sexuais entre noivos comprometidos s\u00e3o muitos prejudiciais e s\u00e3o proibidas por Deus. Cristo condenou tamb\u00e9m os desejos impuros, a cobi\u00e7a, as paix\u00f5es desordenadas, as \u201colhadas\u201d e as inten\u00e7\u00f5es de cobi\u00e7a ou sugestivas (Mt 5.27-28).<br \/>\nVer o que ensinou o ap\u00f3stolo Paulo em I Co 6.13-20:<br \/>\nV. 13: Nossos corpos s\u00e3o para o Senhor,<br \/>\nV. 15: Nossos corpos s\u00e3o membros do corpo de cristo (Fornica\u00e7\u00e3o: N\u00c3O)<br \/>\nV. 19: Nossos corpos s\u00e3o templos do esp\u00edrito santo. N\u00e3o somos nossos.<br \/>\nEis aqui, o mandamento chave:<br \/>\nV. 18: FUG\u00cd DA IMPUREZA. (Do ato, da ocasi\u00e3o, do pensamento, da inten\u00e7\u00e3o, dos lugares de tenta\u00e7\u00e3o, das amizades ou qualquer outra coisa que promova a imagina\u00e7\u00e3o ou que leve a ceder frente a tenta\u00e7\u00e3o, revistas, livros e filmes pornogr\u00e1ficos ou sugestivos, alguns programas de TV, vestimentas sugestivas, conversas, principalmente de duplo sentido e etc.)<br \/>\nV. 20: Glorificai a Deus em vossos corpos e em vosso esp\u00edrito.<\/p>\n<p><strong>IV. DEUS CONDENA TODO ABUSO OU USO ANORMAL DO SEXO. (Rm 1.18-32)<\/strong><\/p>\n<p align=\"justify\">Anotamos abaixo alguns usos perversos do sexo:<br \/>\n<span style=\"text-decoration: underline;\">(a) Incesto<\/span>: Contato sexual entre parente pr\u00f3ximo (Dt 27.22; Lv 20.17-19)<br \/>\n<span style=\"text-decoration: underline;\">(b) Homossexualismo<\/span>: Pecado sexual entre pessoas do mesmo sexo, chamado de lesbianismo quando entre mulheres (Lv 18.22; Rm 1.26-27)<br \/>\n<span style=\"text-decoration: underline;\">(c) Masturba\u00e7\u00e3o<\/span>: Auto-excita\u00e7\u00e3o com o fim de produzir o orgasmo. \u00c9 baseada no ego\u00edsmo. N\u00e3o cumpre o prop\u00f3sito puro do sexo e sempre vem acompanhada de pensamentos impuros.<br \/>\n<span style=\"text-decoration: underline;\">(d) Rela\u00e7\u00e3o sexual entre um ser humano e um animal<\/span>\u00a0(Lv 18.23-24); Dt 27.21)<br \/>\n<span style=\"text-decoration: underline;\">(e) Sodomia<\/span>: Rela\u00e7\u00e3o sexual perversa e anti-natural de distintas formas.<br \/>\n<span style=\"text-decoration: underline;\">(f) Afeminado<\/span>: Conduta de um homem que parece de mulher (I Co 6.9)<\/p>\n<p align=\"justify\"><strong>V. A IGREJA TEM O DEVER DE SE MANTER PURA<\/strong><\/p>\n<p align=\"justify\"><strong>\u00a0<\/strong>E, se necess\u00e1rio, disciplinar os membros que incorrerem nestes pecados (Ler I Co 5). Devemos ser realistas e s\u00e1bios e colocar-nos frente a real necessidade das pessoas de nossa congrega\u00e7\u00e3o. A impureza sexual corrompe o ser humano mais r\u00e1pido que qualquer outro pecado. Nota-se que Jesus e os primeiros ap\u00f3stolos sentiram necessidade de dar instru\u00e7\u00f5es e advert\u00eancias claras a respeito do assunto.<br \/>\nO sangue de cristo limpa de todo o pecado quando este \u00e9 confessado e abandonado<br \/>\n(I Co 6.9-11; 2Co 2.5-11; I Jo 1.9)<\/p>\n<p align=\"justify\"><strong>VI. COMO ASSEGURAR A PUREZA SEXUAL<\/strong><\/p>\n<p align=\"justify\">(a) Ter consci\u00eancia de que o corpo \u00e9 para o Senhor, \u00e9 sagrado (I Co 6.13)<br \/>\n(b) Cuidar dos olhos<br \/>\n(c) Cuidar da imagina\u00e7\u00e3o, especialmente na cama, quando est\u00e1 sozinho e tranq\u00fcilo. N\u00e3o d\u00ea asas.<br \/>\n(d) Cuidar as palavras sugestivas e de duplo sentido.<br \/>\n(e) Cuidar os gestos.<br \/>\n(f) N\u00e3o alimentar os desejos carnais. Para jovens especialmente, o trabalho manual duro, os esportes e at\u00e9 o cansa\u00e7o s\u00e3o bons nesse sentido. Um corpo ativo e uma mente ocupada dignamente s\u00e3o fatores muito positivos na luta contra a impureza.<br \/>\n(g) Cuidar as amizades e as conversas.<br \/>\n(h) Orar, exercer f\u00e9 no Senhor, jejuar, viver no esp\u00edrito, confiar em Deus, para guardar-nos de toda a impureza.<br \/>\n(i) Sejamos um povo que se caracteriza pela pureza sexual. Exortemo-nos mutuamente \u00e1 santidade do corpo de cristo.<\/p>\n<pre>Fonte:\u00a0<a href=\"http:\/\/www.discipulado.com.br\/\">http:\/\/www.discipulado.com.br<\/a><\/pre>\n<div id=\"fb_share_1\" style=\"float: right; margin-left: 10px;\"><a name=\"fb_share\" type=\"box_count\" share_url=\"https:\/\/www.discipulosemfeira.com.br\/v1\/?page_id=299\" href=\"http:\/\/www.facebook.com\/sharer.php\">Share<\/a><\/div><div><script src=\"http:\/\/static.ak.fbcdn.net\/connect.php\/js\/FB.Share\" type=\"text\/javascript\"><\/script><\/div>","protected":false},"excerpt":{"rendered":"<p>INTRODU\u00c7\u00c3O Este \u00e9 um dos pecados mais dominantes da nossa sociedade. J\u00e1 que \u00e9 t\u00e3o comum e aceito por tantas pessoas quase como norma de vida, \u00e9 necess\u00e1rio que como crist\u00e3os, nos conscientizemos com a clara orienta\u00e7\u00e3o da palavra de Deus. I. DEUS CRIOU O HOMEM E A MULHER E \u00c9 O AUTOR DO SEXO &hellip; <\/p>\n<p><a class=\"more-link btn\" href=\"https:\/\/www.discipulosemfeira.com.br\/v1\/?page_id=299\">Continue lendo<\/a><\/p>\n","protected":false},"author":1,"featured_media":0,"parent":267,"menu_order":0,"comment_status":"closed","ping_status":"open","template":"","meta":{"footnotes":""},"_links":{"self":[{"href":"https:\/\/www.discipulosemfeira.com.br\/v1\/index.php?rest_route=\/wp\/v2\/pages\/299"}],"collection":[{"href":"https:\/\/www.discipulosemfeira.com.br\/v1\/index.php?rest_route=\/wp\/v2\/pages"}],"about":[{"href":"https:\/\/www.discipulosemfeira.com.br\/v1\/index.php?rest_route=\/wp\/v2\/types\/page"}],"author":[{"embeddable":true,"href":"https:\/\/www.discipulosemfeira.com.br\/v1\/index.php?rest_route=\/wp\/v2\/users\/1"}],"replies":[{"embeddable":true,"href":"https:\/\/www.discipulosemfeira.com.br\/v1\/index.php?rest_route=%2Fwp%2Fv2%2Fcomments&post=299"}],"version-history":[{"count":2,"href":"https:\/\/www.discipulosemfeira.com.br\/v1\/index.php?rest_route=\/wp\/v2\/pages\/299\/revisions"}],"predecessor-version":[{"id":301,"href":"https:\/\/www.discipulosemfeira.com.br\/v1\/index.php?rest_route=\/wp\/v2\/pages\/299\/revisions\/301"}],"up":[{"embeddable":true,"href":"https:\/\/www.discipulosemfeira.com.br\/v1\/index.php?rest_route=\/wp\/v2\/pages\/267"}],"wp:attachment":[{"href":"https:\/\/www.discipulosemfeira.com.br\/v1\/index.php?rest_route=%2Fwp%2Fv2%2Fmedia&parent=299"}],"curies":[{"name":"wp","href":"https:\/\/api.w.org\/{rel}","templated":true}]}}