{"id":303,"date":"2012-03-16T17:33:40","date_gmt":"2012-03-16T20:33:40","guid":{"rendered":"http:\/\/www.discipulosemfeira.com.br\/v1\/?page_id=303"},"modified":"2012-03-16T17:37:24","modified_gmt":"2012-03-16T20:37:24","slug":"permissividade","status":"publish","type":"page","link":"https:\/\/www.discipulosemfeira.com.br\/v1\/?page_id=303","title":{"rendered":"Permissividade"},"content":{"rendered":"<p align=\"justify\">\n<p align=\"justify\">Permissividade \u00e9 permitir em nossas vidas algo que sabemos que est\u00e1 errado. \u00c9 ser tolerante com algo que sabemos n\u00e3o agradar a Deus.<\/p>\n<p align=\"justify\">Nos \u00faltimos dias Deus tem se revelado a n\u00f3s de muitas maneiras e temos recebido v\u00e1rias palavras e ministra\u00e7\u00f5es ( fazer disc\u00edpulos, renunciar a tudo por Jesus, ora\u00e7\u00e3o, intimidade com Deus, comunh\u00e3o, etc. ) . Temos visto que o padr\u00e3o de Deus \u00e9 elevado e quando olhamos para ele e vemos que ainda n\u00e3o atingimos, come\u00e7amos a ser tolerantes com algumas coisas.<\/p>\n<p align=\"justify\">Ex.:<br \/>\n=&gt; Nosso comportamento em viagens, jantares, reuni\u00f5es<br \/>\n=&gt; Nosso cuidado com as coisas dos outros ( objetos emprestados , dinheiro emprestado )<br \/>\n=&gt; Nosso tempo de comunh\u00e3o. reuni\u00f5es gerais, de grupo, etc.<\/p>\n<p align=\"justify\">Esquecemos o padr\u00e3o de Deus para estas coisas e nos acostumamos com nossas debilidades. Acabamos ficando cegos, e n\u00e3o percebemos o que fazemos.<\/p>\n<p align=\"justify\">I Sa 3:10-13 Os filhos de Eli ( Ofini e Fin\u00e9as )<br \/>\n=&gt; Ele sabia do problema<br \/>\n=&gt; Mesmo sabendo n\u00e3o corrigiu nem mudou seu comportamento.<br \/>\n=&gt; Quando somos tolerantes tentamos baixar o padr\u00e3o de Deus. ( mas Deus n\u00e3o muda seu padr\u00e3o )<br \/>\nAp 2:18-20<br \/>\n=&gt; Toleras = continuas com ela.<br \/>\n=&gt; Ainda permite o pecado.<\/p>\n<p align=\"justify\">Quando somos tolerantes e nos acostumamos com nossos pecados come\u00e7amos a dar mau exemplo. Ai ent\u00e3o come\u00e7amos a tolerar o pecado n\u00e3o s\u00f3 em nossas vidas, mas tamb\u00e9m na dos outros irm\u00e3os, pois se voc\u00ea o condena, condena a si mesmo.<br \/>\nNossas conversas passam a ser f\u00fateis, nossos programas passam a ser errados e nos associamos com pessoas que n\u00e3o edificam.<\/p>\n<p align=\"justify\">I Co 15:33\u00a0&#8221; N\u00e3o vos enganeis. As m\u00e1s companhias corrompem os bons costumes&#8221;<\/p>\n<p align=\"justify\">=&gt; O mau exemplo deteriora o padr\u00e3o de Deus.<br \/>\nIsso gera em n\u00f3s uma acomoda\u00e7\u00e3o. Nos contentamos com o que somos e n\u00e3o nos empenhamos em ir adiante.<br \/>\nCaminhar com Deus n\u00e3o \u00e9 se acomodar, \u00e9 se sacrificar por Ele.<br \/>\n=&gt; Sacrif\u00edcio = perder algo, dar algo a Deus.<br \/>\n\u00c9 amar a Deus com amor \u00e1gape, amor que n\u00e3o exigem nada em troca, mas se d\u00e1 a si mesmo pelo outro.<\/p>\n<p align=\"justify\">\u00c9 amar com o Amor que ele nos ama. (Ex.: Pedro em Jo 21:15-17)<br \/>\nPor buscarmos o nosso bem estar damos uma \u00eanfase exagerada no lazer. O tempo que poder\u00edamos ter comunh\u00e3o usamos para divers\u00e3o. Procuramos v\u00e1rias atividades como TV , cinema, fitas de v\u00eddeo, festas, bebidas, Fazemos mau uso da liberdade que temos em Cristo.<br \/>\nEf 5:1-21 I Co 10:23-33 Gl 5:1 e 13 Rm 14:22<\/p>\n<p align=\"justify\">Eu tenho colocado limites para o sacrif\u00edcio ?<br \/>\nMarcos cap. 4 ao cap. 7<br \/>\n=&gt; Acalma a tempestade<br \/>\n=&gt; Expulsa dem\u00f4nios<br \/>\n=&gt; Cura a filha de Jairo<br \/>\n=&gt; Cura uma mulher no caminho<br \/>\n=&gt; Percorrem v\u00e1rias aldeias<br \/>\n=&gt; Alimenta uma multid\u00e3o, etc<br \/>\nForam 4 dias. Os disc\u00edpulos quase n\u00e3o dormiram, n\u00e3o comeram andaram a p\u00e9 cerca de 100Km.<br \/>\nN\u00f3s ag\u00fcentar\u00edamos ?<br \/>\n=&gt; At\u00e9 onde eu vou com Deus ?<\/p>\n<p align=\"justify\">Oito perguntas que devemos fazer antes de nos envolvermos com qualquer atividade:<br \/>\n1. Isto conv\u00e9m ? (sim)<br \/>\n2. Isto edifica ? (sim)<br \/>\n3. Isto est\u00e1 te dominando ? (n\u00e3o)<br \/>\n4. Isto glorifica a Deus ? (sim)<br \/>\n5. Isto visa o meu pr\u00f3prio interesse ? (n\u00e3o)<br \/>\n6. Isto ajuda o meu pr\u00f3ximo ? (sim)<br \/>\n7. Isto provem da f\u00e9 ? (sim) &#8220;tudo que n\u00e3o prov\u00e9m da f\u00e9 \u00e9 pecado&#8221;<br \/>\n8. Isto \u00e1 uma prova de amor ? (sim)<br \/>\n=&gt; N\u00e3o devemos ser tolerantes com o pecado, devemos ser radicais com o pecado.<br \/>\n<strong>\u00a0<\/strong><\/p>\n<p align=\"justify\"><strong>No reino de Deus as coisas n\u00e3o s\u00e3o relativas, s\u00e3o absolutas. Pecado \u00e9 pecado, n\u00e3o existe meio termo.<\/strong><br \/>\nMt 5:37 Sim, sim; n\u00e3o, n\u00e3o<\/p>\n<pre>Fonte:\u00a0<a href=\"http:\/\/www.discipulado.com.br\/\">http:\/\/www.discipulado.com.br<\/a><\/pre>\n<div id=\"fb_share_1\" style=\"float: right; margin-left: 10px;\"><a name=\"fb_share\" type=\"box_count\" share_url=\"https:\/\/www.discipulosemfeira.com.br\/v1\/?page_id=303\" href=\"http:\/\/www.facebook.com\/sharer.php\">Share<\/a><\/div><div><script src=\"http:\/\/static.ak.fbcdn.net\/connect.php\/js\/FB.Share\" type=\"text\/javascript\"><\/script><\/div>","protected":false},"excerpt":{"rendered":"<p>Permissividade \u00e9 permitir em nossas vidas algo que sabemos que est\u00e1 errado. \u00c9 ser tolerante com algo que sabemos n\u00e3o agradar a Deus. Nos \u00faltimos dias Deus tem se revelado a n\u00f3s de muitas maneiras e temos recebido v\u00e1rias palavras e ministra\u00e7\u00f5es ( fazer disc\u00edpulos, renunciar a tudo por Jesus, ora\u00e7\u00e3o, intimidade com Deus, comunh\u00e3o, &hellip; <\/p>\n<p><a class=\"more-link btn\" href=\"https:\/\/www.discipulosemfeira.com.br\/v1\/?page_id=303\">Continue lendo<\/a><\/p>\n","protected":false},"author":1,"featured_media":0,"parent":267,"menu_order":0,"comment_status":"closed","ping_status":"open","template":"","meta":{"footnotes":""},"_links":{"self":[{"href":"https:\/\/www.discipulosemfeira.com.br\/v1\/index.php?rest_route=\/wp\/v2\/pages\/303"}],"collection":[{"href":"https:\/\/www.discipulosemfeira.com.br\/v1\/index.php?rest_route=\/wp\/v2\/pages"}],"about":[{"href":"https:\/\/www.discipulosemfeira.com.br\/v1\/index.php?rest_route=\/wp\/v2\/types\/page"}],"author":[{"embeddable":true,"href":"https:\/\/www.discipulosemfeira.com.br\/v1\/index.php?rest_route=\/wp\/v2\/users\/1"}],"replies":[{"embeddable":true,"href":"https:\/\/www.discipulosemfeira.com.br\/v1\/index.php?rest_route=%2Fwp%2Fv2%2Fcomments&post=303"}],"version-history":[{"count":4,"href":"https:\/\/www.discipulosemfeira.com.br\/v1\/index.php?rest_route=\/wp\/v2\/pages\/303\/revisions"}],"predecessor-version":[{"id":310,"href":"https:\/\/www.discipulosemfeira.com.br\/v1\/index.php?rest_route=\/wp\/v2\/pages\/303\/revisions\/310"}],"up":[{"embeddable":true,"href":"https:\/\/www.discipulosemfeira.com.br\/v1\/index.php?rest_route=\/wp\/v2\/pages\/267"}],"wp:attachment":[{"href":"https:\/\/www.discipulosemfeira.com.br\/v1\/index.php?rest_route=%2Fwp%2Fv2%2Fmedia&parent=303"}],"curies":[{"name":"wp","href":"https:\/\/api.w.org\/{rel}","templated":true}]}}