{"id":311,"date":"2012-03-16T17:41:38","date_gmt":"2012-03-16T20:41:38","guid":{"rendered":"http:\/\/www.discipulosemfeira.com.br\/v1\/?page_id=311"},"modified":"2012-03-16T17:41:38","modified_gmt":"2012-03-16T20:41:38","slug":"o-vocabulario-perverso","status":"publish","type":"page","link":"https:\/\/www.discipulosemfeira.com.br\/v1\/?page_id=311","title":{"rendered":"O vocabul\u00e1rio perverso"},"content":{"rendered":"<p align=\"justify\"><strong>O<\/strong>\u00a0Senhor Jesus disse: \u201cA boca fala do que est\u00e1 cheio o cora\u00e7\u00e3o\u201d (Lc 6:43). A fala \u00e9 uma faculdade distinta do ser humano (os animais n\u00e3o falam). \u00c9 a express\u00e3o do nosso esp\u00edrito.<\/p>\n<p align=\"justify\">Com ela expressamos nossas rea\u00e7\u00f5es, sentimentos id\u00e9ias, desejos, pensamentos e etc., ainda mais, o modo, o tom, com o que falamos normalmente refletem o nosso estado de \u00e2nimo, o estado do nosso interior (ouso dizer normalmente porque algumas vezes logramos falar fingidamente).<br \/>\nJ\u00e1 que a fala \u00e9 a nossa express\u00e3o mais importante, a maioria dos pecados cometemos com a boca. E muitos outros s\u00e3o acompanhados por uma express\u00e3o verbal.<\/p>\n<p align=\"justify\"><strong>I. UM SINTOMA DE DECAD\u00caNCIA<\/strong><\/p>\n<p align=\"justify\">A decad\u00eancia moral e espiritual da presente gera\u00e7\u00e3o se faz evidente pela forma corrente do vocabul\u00e1rio. O vocabul\u00e1rio utilizado hoje em dia, tanto por homens, quanto por mulheres, sejam adultos , crian\u00e7as ou velhos, \u00e9 um sintoma inconfund\u00edvel da deteriora\u00e7\u00e3o dos bons costumes e da pureza de esp\u00edrito. Ao mesmo tempo \u00e9 um testemunho eloq\u00fcente daquilo que impera no interior dos homens: a insol\u00eancia, a irrever\u00eancia, a agressividade, o pessimismo, a derrota, a leviandade, a ironia, a vacuidade (estar vazio) e etc..<\/p>\n<p align=\"justify\"><strong>II. O VOCABUL\u00c1RIO DO VELHO HOMEM QUE REJEITAMOS (Cl 3:8-9; Ef 4:29)<\/strong><\/p>\n<p align=\"justify\">Consideremos alguns pecados mais comuns que cometemos com a boca, aos quais devemos chamar PECADO e dos quais devemos arrepender-mos, rejeitando-os definitivamente:<br \/>\n<strong>(a)<\/strong>\u00a0Blasf\u00eamias, insultos, palavras m\u00e1s, grosserias (Cl 3:8). Seja contra Deus ou contra nosso pr\u00f3ximo, ou simplesmente proferi-la, dirigi-la a algu\u00e9m em particular. Paulo disse em 1\u00aaCo 5:11 que o maldizente deve ser cortado da comunh\u00e3o da Igreja.<br \/>\n<strong>(b)<\/strong>\u00a0Conversa\u00e7\u00f5es, contos e piadas obscenas, palavras desonestas (Ef 5:3-4) \u201cNem ainda se nomeie entre v\u00f3s, como conv\u00e9m a santos\u201d. Ver Fp. 4:8.<br \/>\n(c) Ofensas, express\u00f5es que ferem, palavras \u00e1speras, gritarias (Tg 3:2-12). Ou ainda Mt 5:22 e Cl 3:8.<br \/>\n<strong>(d)<\/strong>\u00a0Esc\u00e1rnios, sarcasmos (ironia), brincadeiras v\u00e3s (Sl 1:1; Pv 3:34). A goza\u00e7\u00e3o \u00e9 uma express\u00e3o generalizada no nosso meio . S\u00e3o poucos os que t\u00eam conhecimento de que deve ser rejeitada e retirada do meio do povo de Deus. A goza\u00e7\u00e3o \u00e9 DANOSA, n\u00e3o flui do Esp\u00edrito Santo, \u00e9 obra da carne, pois n\u00e3o brota do amor para com a pessoa que eu estou gozando. AO FAZ\u00ca-LO, O ESP\u00cdRITO SE APAGA EM N\u00d3S, causamos dano \u00e0 pessoa afetada e espalha a leviandade e tolice no ambiente. Algu\u00e9m disse: \u201cRia-se de ti mesmo, ria-te com os outros, mas nunca ria de outros\u201d. Ver Lc 19:14. As brincadeiras v\u00e3s e goza\u00e7\u00f5es, al\u00e9m de n\u00e3o produzir nenhum crescimento em n\u00f3s, quebra o padr\u00e3o de santidade, deixando-nos sens\u00edveis (pr\u00f3ximos) ao pecado.<br \/>\n<strong>(e)\u00a0<\/strong>Mexericos, intrigas, murmura\u00e7\u00f5es, difama\u00e7\u00f5es, cal\u00fanias.<br \/>\nIntriga: \u00e9 falat\u00f3rio, conto ou not\u00edcia, seja certa ou falsa, com que se procura trazer inimizades de uns com os outros (Lv 19:16)<br \/>\nMurmura\u00e7\u00e3o: \u00e9 insatisfa\u00e7\u00e3o. Falta de gratid\u00e3o. (Fp 2:14; 1\u00aaPe 4:9)<br \/>\nDifama\u00e7\u00e3o: \u00e9 uma conversa que subtrai a honra ou o bom nome de uma outra pessoa. \u00c9 desacreditar, deteriorar sua imagem.<br \/>\nCal\u00fania: \u00e9 acusa\u00e7\u00e3o falsa e maliciosa feita com o prop\u00f3sito de causar dano (Sl 15:3). Estes quatro termos, ainda que sejam similares, n\u00e3o s\u00e3o id\u00eanticos; Todos procedem do mesmo esp\u00edrito, que \u00e9 fazer dano ao pr\u00f3ximo, seja que estejamos conscientes disto ou n\u00e3o. \u00c9 pecado que atenta contra a vida do outro. Somos respons\u00e1veis diante de Deus n\u00e3o somente de n\u00e3o comet\u00ea-lo, mas tamb\u00e9m de n\u00e3o ESCUT\u00c1-LO. Sl 15:3: \u201cNem admite inj\u00faria contra o seu vizinho\u201d (na origem).<br \/>\n<strong>(f)<\/strong>\u00a0Queixas, resmungos, protestos, lamenta\u00e7\u00f5es. A queixa \u00e9 uma das notas mais dominantes do vocabul\u00e1rio do homem. Qualquer raz\u00e3o, v\u00e1lida ou n\u00e3o, \u00e9 ocasi\u00e3o para queixar-nos. A queixa reflete derrota interior ante as situa\u00e7\u00f5es que se nos apresentem na vida. Longe de solucionar nossos problemas, torna-nos maiores ainda afundando-nos em mau-humor, a depress\u00e3o e o des\u00e2nimo; Apaga o esp\u00edrito em n\u00f3s, e nos faz perder o gozo e a f\u00e9. Deus nos firma em Rm 8:28 que \u201cTodas as cousas cooperam para o bem daqueles que amam a Deus\u201d. Portanto devemos sempre dar gra\u00e7as&#8230;(Ef 5:20)<br \/>\n<strong>(g)<\/strong>\u00a0Tolices, estupidez, leviandade (Pv 15:14; Ef 5:4; Mt 12:36)<\/p>\n<p align=\"justify\"><strong>III. APRENDENDO A FALAR DE UMA MANEIRA NOVA<\/strong><\/p>\n<p align=\"justify\">Se da abund\u00e2ncia do cora\u00e7\u00e3o fala a boca, ter um novo cora\u00e7\u00e3o, significa tamb\u00e9m, ter um novo vocabul\u00e1rio. \u201cO homem bom do bom tesouro do cora\u00e7\u00e3o tira o bem\u201d (Lc 6:45). Ao convertermo-nos a Cristo, n\u00e3o somente muda o conte\u00fado, o tom e o esp\u00edrito de nossas conversa\u00e7\u00f5es, sua inten\u00e7\u00e3o, seu tom e etc.<br \/>\nH\u00e1 quatro princ\u00edpios que devem reger nossas conversa\u00e7\u00f5es:<br \/>\n<strong>a)\u00a0<\/strong>Tudo que dizemos deve ser para edifica\u00e7\u00e3o (Ef 4:29). O conte\u00fado, o tom e o esp\u00edrito com o que falamos deve edificar quem nos houve, qualquer que seja o tema sobre o qual estamos falando.<br \/>\n<strong>b)<\/strong>\u00a0Toda conversa\u00e7\u00e3o deve ser feita em nome do Senhor Jesus (Cl 3:17). Nome significa a revela\u00e7\u00e3o do seu ser, de sua pessoa, de sua natureza. Tudo o que dizemos deve revelar a natureza e o car\u00e1ter de Jesus. De fato, toda a palavra que pronunciamos, ou \u00e9 na carne, ou no esp\u00edrito. Se \u00e9 na carne, revela o meu car\u00e1ter e pessoa, se \u00e9 no esp\u00edrito, revela o car\u00e1ter e pessoa de Jesus. Toda vez que abro a boca para falar, Cristo deve ser revelado; Seu amor, sua paz, sua pureza, sua paci\u00eancia, sua justi\u00e7a, seu prop\u00f3sito e etc.<br \/>\n<strong>c)\u00a0<\/strong>Tudo o que dizemos deve ser com gra\u00e7a (Cl 4:6). Um pouco de sal faz apetitosa e aceit\u00e1vel uma comida. Uma palavra dita com gra\u00e7a \u00e9 melhor recebida pelos demais. A chave para ter gra\u00e7a \u00e9 a humildade.<br \/>\n<strong>d)\u00a0<\/strong>A nota dominante da nossa conversa\u00e7\u00e3o deve ser sempre a f\u00e9. Ante todas as circunst\u00e2ncias, ainda nas mais dolorosas, essa nota de f\u00e9 sempre deve estar presente. N\u00e3o uma express\u00e3o religiosa e superficial, n\u00e3o apar\u00eancia e sim ess\u00eancia. Uma convic\u00e7\u00e3o profunda em nosso esp\u00edrito. O tom de nossas palavras revela se estamos por cima ou por baixo das circunst\u00e2ncias. revela se h\u00e1 derrota ou vit\u00f3ria em nosso interior. Ver 1\u00aaTs 5:18.<\/p>\n<p align=\"justify\"><strong>IV. NOSSA BOCA COMO INSTRUMENTO DE DEUS. Rm 6:13<\/strong><\/p>\n<p align=\"justify\">(a) Ensinando, exortando, animando (Cl 3:16)<br \/>\n(b) Orando sem cessar (1\u00aa Ts 5:17)<br \/>\n(c) Cantando louvores (Ef 5:19; Cl 3:16)<br \/>\n(d) Dando sempre gra\u00e7as por tudo (Ef 5:20)<br \/>\n(e) Pregando em todo tempo, comunicando o evangelho (2\u00aa Tm 4:2; Cl 4:5)<br \/>\n(f) Proclamando a verdade (Ef 6:17)<br \/>\n(g) Falando em novas l\u00ednguas (1\u00aa Co 14:18)<\/p>\n<p align=\"justify\">\u201cAS PALAVRAS DO MEU L\u00c1BIO, E O MEDITAR DO MEU CORA\u00c7\u00c3O, SEJAM AGRAD\u00c1VEIS NA TUA PRESEN\u00c7A, SENHOR, ROCHA MINHA E REDENTOR MEU\u201d\u00a0Sl 19:14<\/p>\n<div id=\"fb_share_1\" style=\"float: right; margin-left: 10px;\"><a name=\"fb_share\" type=\"box_count\" share_url=\"https:\/\/www.discipulosemfeira.com.br\/v1\/?page_id=311\" href=\"http:\/\/www.facebook.com\/sharer.php\">Share<\/a><\/div><div><script src=\"http:\/\/static.ak.fbcdn.net\/connect.php\/js\/FB.Share\" type=\"text\/javascript\"><\/script><\/div>","protected":false},"excerpt":{"rendered":"<p>O\u00a0Senhor Jesus disse: \u201cA boca fala do que est\u00e1 cheio o cora\u00e7\u00e3o\u201d (Lc 6:43). A fala \u00e9 uma faculdade distinta do ser humano (os animais n\u00e3o falam). \u00c9 a express\u00e3o do nosso esp\u00edrito. Com ela expressamos nossas rea\u00e7\u00f5es, sentimentos id\u00e9ias, desejos, pensamentos e etc., ainda mais, o modo, o tom, com o que falamos normalmente &hellip; <\/p>\n<p><a class=\"more-link btn\" href=\"https:\/\/www.discipulosemfeira.com.br\/v1\/?page_id=311\">Continue lendo<\/a><\/p>\n","protected":false},"author":1,"featured_media":0,"parent":267,"menu_order":0,"comment_status":"closed","ping_status":"open","template":"","meta":{"footnotes":""},"_links":{"self":[{"href":"https:\/\/www.discipulosemfeira.com.br\/v1\/index.php?rest_route=\/wp\/v2\/pages\/311"}],"collection":[{"href":"https:\/\/www.discipulosemfeira.com.br\/v1\/index.php?rest_route=\/wp\/v2\/pages"}],"about":[{"href":"https:\/\/www.discipulosemfeira.com.br\/v1\/index.php?rest_route=\/wp\/v2\/types\/page"}],"author":[{"embeddable":true,"href":"https:\/\/www.discipulosemfeira.com.br\/v1\/index.php?rest_route=\/wp\/v2\/users\/1"}],"replies":[{"embeddable":true,"href":"https:\/\/www.discipulosemfeira.com.br\/v1\/index.php?rest_route=%2Fwp%2Fv2%2Fcomments&post=311"}],"version-history":[{"count":2,"href":"https:\/\/www.discipulosemfeira.com.br\/v1\/index.php?rest_route=\/wp\/v2\/pages\/311\/revisions"}],"predecessor-version":[{"id":313,"href":"https:\/\/www.discipulosemfeira.com.br\/v1\/index.php?rest_route=\/wp\/v2\/pages\/311\/revisions\/313"}],"up":[{"embeddable":true,"href":"https:\/\/www.discipulosemfeira.com.br\/v1\/index.php?rest_route=\/wp\/v2\/pages\/267"}],"wp:attachment":[{"href":"https:\/\/www.discipulosemfeira.com.br\/v1\/index.php?rest_route=%2Fwp%2Fv2%2Fmedia&parent=311"}],"curies":[{"name":"wp","href":"https:\/\/api.w.org\/{rel}","templated":true}]}}