{"id":321,"date":"2012-03-16T17:50:08","date_gmt":"2012-03-16T20:50:08","guid":{"rendered":"http:\/\/www.discipulosemfeira.com.br\/v1\/?page_id=321"},"modified":"2012-03-16T21:06:32","modified_gmt":"2012-03-17T00:06:32","slug":"o-trabalho","status":"publish","type":"page","link":"https:\/\/www.discipulosemfeira.com.br\/v1\/?page_id=321","title":{"rendered":"O trabalho"},"content":{"rendered":"<p align=\"justify\"><strong>Introdu\u00e7\u00e3o:<\/strong><br \/>\n<strong>P<\/strong>ara um disc\u00edpulo, o poder trabalhar \u00e9 um dom de Deus. O trabalho n\u00e3o \u00e9 um mal necess\u00e1rio como pensam alguns, e t\u00e3o pouco \u00e9 tudo na vida, como falam outros. As Escrituras trazem ensinamento claro, positivo e equilibrado sobre a dignidade do trabalho.<\/p>\n<p align=\"justify\"><strong>O Trabalho Foi Ordenado na Cria\u00e7\u00e3o<\/strong><\/p>\n<p align=\"justify\">O trabalho n\u00e3o \u00e9 uma maldi\u00e7\u00e3o ou um castigo imposto ao homem por causa do pecado. A terra, de fato, foi amaldi\u00e7oada por causa do pecado do homem, dificultando o seu trabalho e exigindo dele esfor\u00e7o e suor para conseguir sustento (Gn 3.17-19). Todavia o trabalho antecede o pecado. Deus n\u00e3o fez chover sobre a terra sen\u00e3o depois da cria\u00e7\u00e3o do homem, para que este pudesse cultiva-la (Gn 2.5). Depois que o homem foi criado, Deus o colocou a trabalhar cultivando e guardando o jardim. A natureza, por si s\u00f3, n\u00e3o produzia adequadamente para o sustento do homem. Ele precisava cultiva-la.<br \/>\nDesde o princ\u00edpio, al\u00e9m de exercer dom\u00ednio sobre todos os animais e multiplicar-se a si mesmo para cumprir o prop\u00f3sito de Deus (Gn 1.26-28), o homem tamb\u00e9m cumpria a vontade do Senhor trabalhando a terra.<\/p>\n<p align=\"justify\"><strong>O Trabalho Como Obriga\u00e7\u00e3o Moral<\/strong><\/p>\n<p align=\"justify\">O trabalho n\u00e3o \u00e9 um impulso. \u00c9 um exerc\u00edcio da vontade. \u00c9 um esfor\u00e7o consciente, direcionado e planejado. Muitas vezes ser\u00e1 em detrimento de outras atividades leg\u00edtimas (leitura, lazer, devo\u00e7\u00e3o, etc.). A regra b\u00edblica \u00e9: \u201cse algu\u00e9m n\u00e3o quer trabalhar, tamb\u00e9m n\u00e3o coma\u201d (1Ts 3.10).<br \/>\nNo tempo dos primeiros ap\u00f3stolos, os disc\u00edpulos que n\u00e3o queriam trabalhar, vivendo desordenadamente, eram notados na igreja e afastados dos demais irm\u00e3os (2Ts 3.6-15). Isto tamb\u00e9m praticamos hoje em dia.<\/p>\n<p align=\"justify\"><strong>O Pecado da Pregui\u00e7a e Indol\u00eancia<\/strong><\/p>\n<p align=\"justify\">\u201cSai o homem para o seu trabalho e para o seu encargo at\u00e9 a tarde\u201d Sl 104.3.<br \/>\nA pregui\u00e7a leva \u00e0 ociosidade, e esta aos v\u00edcios, aos falat\u00f3rios profanos, fantasias, leviandades, murmura\u00e7\u00e3o, ci\u00fames, invejas, pobreza, etc (Pv 12.9,11; 6.6-11; Tt 1.10-13; 1Tm 5.13).<br \/>\n\u201cO pregui\u00e7oso morre desejando&#8230; porque as suas m\u00e3os recusam a trabalhar\u201d Pv 21.25.<\/p>\n<p align=\"justify\"><strong>O Trabalho \u00e9 um Servi\u00e7o<\/strong><br \/>\nTrabalhando servimos ao pr\u00f3ximo. N\u00e3o trabalhamos apenas para suprir nossas pr\u00f3prias necessidades (1Ts 4.11-12). Isto \u00e9 leg\u00edtimo, bom e necess\u00e1rio, mas nosso trabalho deve visar tamb\u00e9m, o suprimento de outros (Ef 4.28). Tamb\u00e9m nisso Jesus \u00e9 nosso exemplo (2Co 8.9). Importante \u00e9 a leitura dos cap\u00edtulos 8 e 9, inteiros, de 2 Cor\u00edntios.<\/p>\n<p align=\"justify\"><strong>O Trabalho Dignifica<\/strong><br \/>\n\u201cO Filho do homem n\u00e3o veio para ser servido, mas para servir e dar a sua vida&#8230;\u201d Mt 20.28.<br \/>\nNenhum trabalho deve ser considerado humilhante. O Verbo Eterno assumiu a forma de servo e, uma vez encarnado, serviu aos homens em uma profiss\u00e3o simples e honrosa (Fp 2.5-8; Mc 6.3). No reino de Deus n\u00e3o h\u00e1 espa\u00e7o para orgulho de qualquer esp\u00e9cie (Lc 22.24-27; Jo 13.1-17).<br \/>\n\u201cTUDO quanto te vier a m\u00e3o para fazer, faze-o conforme as tuas for\u00e7as\u201d Ec 9.10.<\/p>\n<p align=\"justify\"><strong>O Padr\u00e3o Para o Empregado<\/strong><br \/>\na) Servir como ao Senhor (Ef 6.58). Se n\u00e3o entendemos e n\u00e3o aceitamos a delega\u00e7\u00e3o de Deus, vamos nos sentir como escravos de homens diante das ordens recebidas (1Co 7.21-23).<br \/>\nb) Honrar os patr\u00f5es para que o nome de Deus n\u00e3o seja blasfemado (1Tm 6.1-2).<br \/>\nc) Obedecer em tudo aos patr\u00f5es, mesmo aos maus (1Pe 2.18-19; Cl 3.22-24).<br \/>\nd) N\u00e3o \u201cabusar\u201d dos patr\u00f5es irm\u00e3os, mas servi-los melhor (1Tm 6.2).<\/p>\n<p align=\"justify\"><strong>O Padr\u00e3o Para o Empregador\u00a0<\/strong><br \/>\na) N\u00e3o usar amea\u00e7as (Ef 6.9).<br \/>\nb) Ser justo, sabendo que tamb\u00e9m tem o Senhor que o julga (Cl 4.1).<br \/>\nc) Pagar sal\u00e1rios dignos e n\u00e3o atrasa-los (Dt 24.14-15; Lv 19.13). Atrasar intencionalmente \u00e9 roubo.<br \/>\nd) Deus \u00e9 juiz contra as explora\u00e7\u00f5es (Tg 5.4; J\u00f3 31.13-15).<br \/>\ne) N\u00e3o sonegar impostos (Rm 13.7; Mt 22.21).<br \/>\nf) N\u00e3o colocar o cora\u00e7\u00e3o nas riquezas (1Tm 6.17-19).<\/p>\n<p align=\"justify\"><strong>A Capacita\u00e7\u00e3o Profissional e a Prosperidade<\/strong><br \/>\n\u201cV\u00eas a um homem perito na sua obra? Perante reis ser\u00e1 posto n\u00e3o entre a plebe\u201d Pv 22.29.<br \/>\nDeus honra aquele que busca se esmerar no seu trabalho. Muitas dificuldades encontradas por muitos irm\u00e3os \u00e9 fruto da falta de habilita\u00e7\u00e3o profissional (Gl 6.7). A prosperidade na b\u00edblia \u00e9 apresentada sempre como resultado de: generosidade, fidelidade a Deus e dilig\u00eancia no trabalho.<br \/>\nDeus quer um povo que viva no presente s\u00e9culo, n\u00e3o apenas de modo piedoso e justo, mas tamb\u00e9m sensato (Tt 2.12). Leia ainda as seguintes refer\u00eancias: Ec 11.4-6; Pv 12.24; 13.11; 14.23; 21.5. N\u00e3o espere a b\u00ean\u00e7\u00e3o de Deus sobre o seu trabalho e finan\u00e7as, vivendo desordenadamente.<br \/>\n\u201cAo que bem ordena o seu caminho eu lhe mostrarei a salva\u00e7\u00e3o de Deus\u201d Sl 50.23.<\/p>\n<p align=\"justify\"><strong>Conclus\u00e3o<\/strong><\/p>\n<p align=\"justify\">Tudo \u00e9 do Senhor e para Ele devemos executar o que nos foi confiado, quer sejamos patr\u00e3o, empregado, servidor p\u00fablico, profissional liberal ou aut\u00f4nomo (Sl 24.1; Dt 8.12-14, 17-18; Ec 9.10; 1Tm 6.7).<br \/>\n\u201cPorque d&#8217;Ele e por meio d&#8217;Ele e para Ele s\u00e3o todas as coisas. A Ele, pois, a gl\u00f3ria eternamente\u201d Rm 11.36.<\/p>\n<pre>Fonte:\u00a0<a href=\"http:\/\/www.discipulado.com.br\/\">http:\/\/www.discipulado.com.br<\/a><\/pre>\n<div id=\"fb_share_1\" style=\"float: right; margin-left: 10px;\"><a name=\"fb_share\" type=\"box_count\" share_url=\"https:\/\/www.discipulosemfeira.com.br\/v1\/?page_id=321\" href=\"http:\/\/www.facebook.com\/sharer.php\">Share<\/a><\/div><div><script src=\"http:\/\/static.ak.fbcdn.net\/connect.php\/js\/FB.Share\" type=\"text\/javascript\"><\/script><\/div>","protected":false},"excerpt":{"rendered":"<p>Introdu\u00e7\u00e3o: Para um disc\u00edpulo, o poder trabalhar \u00e9 um dom de Deus. O trabalho n\u00e3o \u00e9 um mal necess\u00e1rio como pensam alguns, e t\u00e3o pouco \u00e9 tudo na vida, como falam outros. As Escrituras trazem ensinamento claro, positivo e equilibrado sobre a dignidade do trabalho. O Trabalho Foi Ordenado na Cria\u00e7\u00e3o O trabalho n\u00e3o \u00e9 &hellip; <\/p>\n<p><a class=\"more-link btn\" href=\"https:\/\/www.discipulosemfeira.com.br\/v1\/?page_id=321\">Continue lendo<\/a><\/p>\n","protected":false},"author":1,"featured_media":0,"parent":267,"menu_order":0,"comment_status":"closed","ping_status":"open","template":"","meta":{"footnotes":""},"_links":{"self":[{"href":"https:\/\/www.discipulosemfeira.com.br\/v1\/index.php?rest_route=\/wp\/v2\/pages\/321"}],"collection":[{"href":"https:\/\/www.discipulosemfeira.com.br\/v1\/index.php?rest_route=\/wp\/v2\/pages"}],"about":[{"href":"https:\/\/www.discipulosemfeira.com.br\/v1\/index.php?rest_route=\/wp\/v2\/types\/page"}],"author":[{"embeddable":true,"href":"https:\/\/www.discipulosemfeira.com.br\/v1\/index.php?rest_route=\/wp\/v2\/users\/1"}],"replies":[{"embeddable":true,"href":"https:\/\/www.discipulosemfeira.com.br\/v1\/index.php?rest_route=%2Fwp%2Fv2%2Fcomments&post=321"}],"version-history":[{"count":5,"href":"https:\/\/www.discipulosemfeira.com.br\/v1\/index.php?rest_route=\/wp\/v2\/pages\/321\/revisions"}],"predecessor-version":[{"id":324,"href":"https:\/\/www.discipulosemfeira.com.br\/v1\/index.php?rest_route=\/wp\/v2\/pages\/321\/revisions\/324"}],"up":[{"embeddable":true,"href":"https:\/\/www.discipulosemfeira.com.br\/v1\/index.php?rest_route=\/wp\/v2\/pages\/267"}],"wp:attachment":[{"href":"https:\/\/www.discipulosemfeira.com.br\/v1\/index.php?rest_route=%2Fwp%2Fv2%2Fmedia&parent=321"}],"curies":[{"name":"wp","href":"https:\/\/api.w.org\/{rel}","templated":true}]}}