{"id":385,"date":"2012-03-20T13:32:51","date_gmt":"2012-03-20T16:32:51","guid":{"rendered":"http:\/\/www.discipulosemfeira.com.br\/v1\/?page_id=385"},"modified":"2012-03-20T13:55:57","modified_gmt":"2012-03-20T16:55:57","slug":"responsabilidade-dos-pais","status":"publish","type":"page","link":"https:\/\/www.discipulosemfeira.com.br\/v1\/?page_id=385","title":{"rendered":"A Responsabilidade dos Pais"},"content":{"rendered":"<p>N\u00f3s pais temos uma responsabilidade total, geral e absoluta sobre a vida de nossos filhos. Lembrem-se que tudo que estivermos fazendo em nossas vidas di\u00e1rias estaremos ensinando ao nossos filhotes. Se\u00a0vida, vida; se desobedi\u00eancia, desobedi\u00eancia; se alegria, alegria; se murmura\u00e7\u00e3o, murmura\u00e7\u00e3o! O que voc\u00eas\u00a0est\u00e3o fazendo com seus filhos? Como voc\u00eas est\u00e3o se comportando com eles?<\/p>\n<p>&nbsp;<\/p>\n<h5><img loading=\"lazy\" decoding=\"async\" class=\"alignleft\" style=\"margin-top: -10px; margin-bottom: -10px;\" src=\"https:\/\/www.discipulosemfeira.com.br\/v1\/apostilas\/box_download_48.png\" alt=\"\" width=\"29\" height=\"29\" \/>[download id=&#8221;11&#8243;]<\/h5>\n<h5><img loading=\"lazy\" decoding=\"async\" class=\"alignleft\" style=\"margin-top: -10px; margin-bottom: -10px;\" src=\"https:\/\/www.discipulosemfeira.com.br\/v1\/apostilas\/box_download_48.png\" alt=\"\" width=\"29\" height=\"29\" \/>[download id=&#8221;12&#8243;]<\/h5>\n<h5><img loading=\"lazy\" decoding=\"async\" class=\"alignleft\" style=\"margin-top: -10px; margin-bottom: -10px;\" src=\"https:\/\/www.discipulosemfeira.com.br\/v1\/apostilas\/box_download_48.png\" alt=\"\" width=\"29\" height=\"29\" \/>[download id=&#8221;13&#8243;]<\/h5>\n<h5><img loading=\"lazy\" decoding=\"async\" class=\"alignleft\" style=\"margin-top: -10px; margin-bottom: -10px;\" src=\"https:\/\/www.discipulosemfeira.com.br\/v1\/apostilas\/box_download_48.png\" alt=\"\" width=\"29\" height=\"29\" \/>[download id=&#8221;14&#8243;]<\/h5>\n<div id=\"fb_share_1\" style=\"float: right; margin-left: 10px;\"><a name=\"fb_share\" type=\"box_count\" share_url=\"https:\/\/www.discipulosemfeira.com.br\/v1\/?page_id=385\" href=\"http:\/\/www.facebook.com\/sharer.php\">Share<\/a><\/div><div><script src=\"http:\/\/static.ak.fbcdn.net\/connect.php\/js\/FB.Share\" type=\"text\/javascript\"><\/script><\/div>","protected":false},"excerpt":{"rendered":"<p>N\u00f3s pais temos uma responsabilidade total, geral e absoluta sobre a vida de nossos filhos. Lembrem-se que tudo que estivermos fazendo em nossas vidas di\u00e1rias estaremos ensinando ao nossos filhotes. Se\u00a0vida, vida; se desobedi\u00eancia, desobedi\u00eancia; se alegria, alegria; se murmura\u00e7\u00e3o, murmura\u00e7\u00e3o! O que voc\u00eas\u00a0est\u00e3o fazendo com seus filhos? Como voc\u00eas est\u00e3o se comportando com eles? &hellip; <\/p>\n<p><a class=\"more-link btn\" href=\"https:\/\/www.discipulosemfeira.com.br\/v1\/?page_id=385\">Continue lendo<\/a><\/p>\n","protected":false},"author":1,"featured_media":0,"parent":267,"menu_order":0,"comment_status":"closed","ping_status":"open","template":"","meta":{"footnotes":""},"_links":{"self":[{"href":"https:\/\/www.discipulosemfeira.com.br\/v1\/index.php?rest_route=\/wp\/v2\/pages\/385"}],"collection":[{"href":"https:\/\/www.discipulosemfeira.com.br\/v1\/index.php?rest_route=\/wp\/v2\/pages"}],"about":[{"href":"https:\/\/www.discipulosemfeira.com.br\/v1\/index.php?rest_route=\/wp\/v2\/types\/page"}],"author":[{"embeddable":true,"href":"https:\/\/www.discipulosemfeira.com.br\/v1\/index.php?rest_route=\/wp\/v2\/users\/1"}],"replies":[{"embeddable":true,"href":"https:\/\/www.discipulosemfeira.com.br\/v1\/index.php?rest_route=%2Fwp%2Fv2%2Fcomments&post=385"}],"version-history":[{"count":8,"href":"https:\/\/www.discipulosemfeira.com.br\/v1\/index.php?rest_route=\/wp\/v2\/pages\/385\/revisions"}],"predecessor-version":[{"id":393,"href":"https:\/\/www.discipulosemfeira.com.br\/v1\/index.php?rest_route=\/wp\/v2\/pages\/385\/revisions\/393"}],"up":[{"embeddable":true,"href":"https:\/\/www.discipulosemfeira.com.br\/v1\/index.php?rest_route=\/wp\/v2\/pages\/267"}],"wp:attachment":[{"href":"https:\/\/www.discipulosemfeira.com.br\/v1\/index.php?rest_route=%2Fwp%2Fv2%2Fmedia&parent=385"}],"curies":[{"name":"wp","href":"https:\/\/api.w.org\/{rel}","templated":true}]}}