{"id":418,"date":"2012-04-03T21:17:21","date_gmt":"2012-04-04T00:17:21","guid":{"rendered":"http:\/\/www.discipulosemfeira.com.br\/v1\/?page_id=418"},"modified":"2012-04-06T15:06:24","modified_gmt":"2012-04-06T18:06:24","slug":"outros-sites","status":"publish","type":"page","link":"https:\/\/www.discipulosemfeira.com.br\/v1\/?page_id=418","title":{"rendered":"Outros sites"},"content":{"rendered":"<h5><a title=\"Fazendo Disc\u00edpulos - Igreja em Salvador\" href=\"http:\/\/fazendodiscipulos.com.br\/\" target=\"_blank\">Fazendo Disc\u00edpulos &#8211; Igreja em Salvador<\/a><\/h5>\n<h5><a title=\"Discipulado - Igreja em Bras\u00edlia\" href=\"http:\/\/www.discipulado.com.br\" target=\"_blank\">Discipulado &#8211; Igreja em Bras\u00edlia<\/a><\/h5>\n<h5><a href=\"http:\/\/discipulosnaribeira.wordpress.com\" target=\"_blank\">Discipulos na Ribeira &#8211; Blog dos disc\u00edpulos de Jesus Cristo que se re\u00fanem no setor da Ribeira, em Salvador\/BA. <\/a><\/h5>\n<h5><a href=\"http:\/\/www.pelamanha.com\/\" target=\"_blank\">Pela manh\u00e3 &#8211; blog de S\u00e9rgio Avillez<\/a><\/h5>\n<div id=\"fb_share_1\" style=\"float: right; margin-left: 10px;\"><a name=\"fb_share\" type=\"box_count\" share_url=\"https:\/\/www.discipulosemfeira.com.br\/v1\/?page_id=418\" href=\"http:\/\/www.facebook.com\/sharer.php\">Share<\/a><\/div><div><script src=\"http:\/\/static.ak.fbcdn.net\/connect.php\/js\/FB.Share\" type=\"text\/javascript\"><\/script><\/div>","protected":false},"excerpt":{"rendered":"<p>Fazendo Disc\u00edpulos &#8211; Igreja em Salvador Discipulado &#8211; Igreja em Bras\u00edlia Discipulos na Ribeira &#8211; Blog dos disc\u00edpulos de Jesus Cristo que se re\u00fanem no setor da Ribeira, em Salvador\/BA. Pela manh\u00e3 &#8211; blog de S\u00e9rgio Avillez Share<\/p>\n","protected":false},"author":1,"featured_media":0,"parent":0,"menu_order":0,"comment_status":"closed","ping_status":"open","template":"","meta":{"footnotes":""},"_links":{"self":[{"href":"https:\/\/www.discipulosemfeira.com.br\/v1\/index.php?rest_route=\/wp\/v2\/pages\/418"}],"collection":[{"href":"https:\/\/www.discipulosemfeira.com.br\/v1\/index.php?rest_route=\/wp\/v2\/pages"}],"about":[{"href":"https:\/\/www.discipulosemfeira.com.br\/v1\/index.php?rest_route=\/wp\/v2\/types\/page"}],"author":[{"embeddable":true,"href":"https:\/\/www.discipulosemfeira.com.br\/v1\/index.php?rest_route=\/wp\/v2\/users\/1"}],"replies":[{"embeddable":true,"href":"https:\/\/www.discipulosemfeira.com.br\/v1\/index.php?rest_route=%2Fwp%2Fv2%2Fcomments&post=418"}],"version-history":[{"count":6,"href":"https:\/\/www.discipulosemfeira.com.br\/v1\/index.php?rest_route=\/wp\/v2\/pages\/418\/revisions"}],"predecessor-version":[{"id":420,"href":"https:\/\/www.discipulosemfeira.com.br\/v1\/index.php?rest_route=\/wp\/v2\/pages\/418\/revisions\/420"}],"wp:attachment":[{"href":"https:\/\/www.discipulosemfeira.com.br\/v1\/index.php?rest_route=%2Fwp%2Fv2%2Fmedia&parent=418"}],"curies":[{"name":"wp","href":"https:\/\/api.w.org\/{rel}","templated":true}]}}