{"id":73,"date":"2012-03-12T12:36:49","date_gmt":"2012-03-12T15:36:49","guid":{"rendered":"http:\/\/www.discipulosemfeira.com.br\/v1\/?page_id=73"},"modified":"2012-03-14T14:39:41","modified_gmt":"2012-03-14T17:39:41","slug":"textos","status":"publish","type":"page","link":"https:\/\/www.discipulosemfeira.com.br\/v1\/?page_id=73","title":{"rendered":"Textos"},"content":{"rendered":"<p style=\"text-align: justify;\">\nEsta se\u00e7\u00e3o cont\u00e9m textos de autores diversos, anota\u00e7\u00f5es de medita\u00e7\u00f5es, coment\u00e1rios de devocionais e outros. Todos trazem conte\u00fado edificante e inspirador que apontam para Aquele que \u00e9 a raz\u00e3o da nossa f\u00e9: Jesus.<\/p>\n<div id=\"fb_share_1\" style=\"float: right; margin-left: 10px;\"><a name=\"fb_share\" type=\"box_count\" share_url=\"https:\/\/www.discipulosemfeira.com.br\/v1\/?page_id=73\" href=\"http:\/\/www.facebook.com\/sharer.php\">Share<\/a><\/div><div><script src=\"http:\/\/static.ak.fbcdn.net\/connect.php\/js\/FB.Share\" type=\"text\/javascript\"><\/script><\/div>","protected":false},"excerpt":{"rendered":"<p>Esta se\u00e7\u00e3o cont\u00e9m textos de autores diversos, anota\u00e7\u00f5es de medita\u00e7\u00f5es, coment\u00e1rios de devocionais e outros. Todos trazem conte\u00fado edificante e inspirador que apontam para Aquele que \u00e9 a raz\u00e3o da nossa f\u00e9: Jesus. Share<\/p>\n","protected":false},"author":1,"featured_media":0,"parent":0,"menu_order":0,"comment_status":"closed","ping_status":"open","template":"","meta":{"footnotes":""},"_links":{"self":[{"href":"https:\/\/www.discipulosemfeira.com.br\/v1\/index.php?rest_route=\/wp\/v2\/pages\/73"}],"collection":[{"href":"https:\/\/www.discipulosemfeira.com.br\/v1\/index.php?rest_route=\/wp\/v2\/pages"}],"about":[{"href":"https:\/\/www.discipulosemfeira.com.br\/v1\/index.php?rest_route=\/wp\/v2\/types\/page"}],"author":[{"embeddable":true,"href":"https:\/\/www.discipulosemfeira.com.br\/v1\/index.php?rest_route=\/wp\/v2\/users\/1"}],"replies":[{"embeddable":true,"href":"https:\/\/www.discipulosemfeira.com.br\/v1\/index.php?rest_route=%2Fwp%2Fv2%2Fcomments&post=73"}],"version-history":[{"count":14,"href":"https:\/\/www.discipulosemfeira.com.br\/v1\/index.php?rest_route=\/wp\/v2\/pages\/73\/revisions"}],"predecessor-version":[{"id":79,"href":"https:\/\/www.discipulosemfeira.com.br\/v1\/index.php?rest_route=\/wp\/v2\/pages\/73\/revisions\/79"}],"wp:attachment":[{"href":"https:\/\/www.discipulosemfeira.com.br\/v1\/index.php?rest_route=%2Fwp%2Fv2%2Fmedia&parent=73"}],"curies":[{"name":"wp","href":"https:\/\/api.w.org\/{rel}","templated":true}]}}