{"id":99,"date":"2012-03-12T23:13:56","date_gmt":"2012-03-13T02:13:56","guid":{"rendered":"http:\/\/www.discipulosemfeira.com.br\/v1\/?page_id=99"},"modified":"2012-03-14T14:45:41","modified_gmt":"2012-03-14T17:45:41","slug":"a-escolha","status":"publish","type":"page","link":"https:\/\/www.discipulosemfeira.com.br\/v1\/?page_id=99","title":{"rendered":"A escolha"},"content":{"rendered":"<p align=\"center\"><em><br \/>\nMax Lucado (Um dia na vida de Jesus)<\/em><\/p>\n<p align=\"center\"><strong><em>\u00a0<\/em><\/strong><\/p>\n<p align=\"center\"><strong><em>\u00a0<\/em><\/strong><\/p>\n<p>-Por que sempre decido fazer o que \u00e9 ruim? \u2013 Perguntou a minha filha, desconhecendo que essa duvida tamb\u00e9m pertence a muitos seguidores da verdade: \u201cPor que fa\u00e7o o que detesto?\u201d, \u201cQue loucura \u00e9 essa que se encontra dentro de mim?\u201d, Ou, talvez uma pergunta mais b\u00e1sica possa ser feita: \u201cSe o pecado me separa de Deus, por que Deus n\u00e3o me separa do pecado?? Por que\u00a0 Ele n\u00e3o retira de mim a escolha pelo pecado?\u201d<\/p>\n<p align=\"center\"><em>Para encontrar a resposta, vamos voltar ao princ\u00edpio de tudo.<\/em><\/p>\n<div>\n<p align=\"center\"><em>Vamos retornar ao Jardim e ver a semente que tanto serviu de ben\u00e7\u00e3o como de maldi\u00e7\u00e3o. Vamos ver por que Deus deu ao homem&#8230; <strong>O livre arb\u00edtrio<\/strong>.<\/em><\/p>\n<\/div>\n<p align=\"center\"><strong><em>\u00a0<\/em><\/strong><\/p>\n<p>Por\u00a0 tr\u00e1s de tudo isso est\u00e1 uma escolha. Uma decis\u00e3o determinada, um gesto instru\u00eddo. Ele n\u00e3o precisava fazer isso, mas assim o escolheu fazer. Sabia o pre\u00e7o a pagar, conhecia as implica\u00e7\u00f5es,estava ciente das conseq\u00fc\u00eancias.<\/p>\n<p align=\"center\"><em>N\u00e3o sabemos exatamente quando pensou em tomar essa\u00a0 decis\u00e3o. N\u00e3o h\u00e1 como sabermos, pois n\u00e3o est\u00e1vamos l\u00e1, e tamb\u00e9m n\u00e3o havia tempo determinado. O quando\u00a0 ainda n\u00e3o existia, nem o amanh\u00e3 ou o ontem, muito menos a pr\u00f3xima vez. O tempo n\u00e3o existia.<\/em><\/p>\n<p align=\"center\"><em>N\u00e3o sabemos quando Ele pensou em tomar a decis\u00e3o, mas sabemos que Ele a tomou. N\u00e3o precisava fazer isso, mas optou por fazer.<\/em><\/p>\n<p align=\"center\"><em>Optou por criar.<\/em><\/p>\n<p align=\"center\"><strong><em>\u201cNo princ\u00edpio,\u00a0 criou Deus&#8230;\u201d<\/em><\/strong><em><\/em><\/p>\n<p align=\"center\"><em>Por uma simples decis\u00e3o, a hist\u00f3ria se iniciou. E exist\u00eancia passou a se mensur\u00e1vel.<\/em><\/p>\n<p align=\"center\"><em>A luz se formou a partir do nada.<\/em><\/p>\n<p align=\"center\"><em>E o dia se formou a partir da luz.<\/em><\/p>\n<p align=\"center\"><em>Ent\u00e3o, vieram a existir os c\u00e9us&#8230; e a terra.<\/em><\/p>\n<p align=\"center\"><em>E sobre a terra, a m\u00e3o poderosa se p\u00f4s a trabalhar.<\/em><\/p>\n<p align=\"center\"><em>Esculpiu desfiladeiros, cavou oceanos, fez surgir as montanhas a partir de terrenos planos, lan\u00e7ou as estrelas ao ar e fez o universo reluzir.<\/em><\/p>\n<p align=\"center\"><em>\u00a0<\/em><\/p>\n<p align=\"center\"><em>Nosso sol era apenas um entre milh\u00f5es e a gal\u00e1xia, uma entre outras milhares. Os planetas, invisivelmente presos ao redor do sol, oscilavam pelo espa\u00e7o em altas velocidades. As estrelas inflamavam\u00a0 com um calor capaz de derreter o nosso planeta em segundos.<\/em><\/p>\n<p>A m\u00e3o respons\u00e1vel por tudo isso \u00e9 poderosa. Ele \u00e9 poderoso.<\/p>\n<p align=\"center\"><em>E com todo esse poder, criou todas as coisas, t\u00e3o naturalmente como um p\u00e1ssaro canta e um peixe nada, Ele as criou. Assim como um artista n\u00e3o pode ficar sem pintar ou um corredor sem correr, ele n\u00e3o poderia deixar de criar. Ele era o criador. Para sempre e sempre, Ele seria o criador. Um sonhador e projetista incans\u00e1vel.<\/em><\/p>\n<p align=\"center\"><em>A partir da paleta do Artista Eterno, surgiu a magnific\u00eancia sem par. Antes que houvesse algu\u00e9m para contemplar, sua cria\u00e7\u00e3o j\u00e1 estava gestante de maravilhas. As flores n\u00e3o apenas cresciam; elas abriam suas p\u00e9talas com toda graciosidade. As aves n\u00e3o apenas nasciam; eclodiam de dentro dos ovos. Os peixes n\u00e3o nadavam simplesmente; mas faziam uma coreografia pelos mares.<\/em><\/p>\n<p align=\"center\"><em>Ele deve ter amado tudo aquilo. Criadores apreciam o ato de criar. Tenho certeza que suas ordens eram plenas de prazer!<\/em><\/p>\n<p align=\"center\"><em>-Ei, hipop\u00f3tamo,voc\u00ea n\u00e3o vai apenas andar&#8230; vai ter um gingado especial! Hiena, um latido \u00e9 algo muito simples, vou ensina-la a rir! Preste aten\u00e7\u00e3o, guaxinim , fiz uma mascara\u00a0 para voc\u00ea! Girafa, venha aqui um pouco, deixe-me esticar mais seu pesco\u00e7o.<\/em><\/p>\n<p align=\"center\"><em>E assim Ele prosseguiu, fazendo fofas nuvens, adicionando mais azul aos oceanos, dando mais balan\u00e7o \u00e0s \u00e1rvores. Os sapos aprenderam a coaxar e a saltar, A poderosa uni\u00e3o entre a criatividade e a pr\u00f3pria cria\u00e7\u00e3o havia acabado de nascer.<\/em><\/p>\n<p align=\"center\"><em>Ele era poderoso e criativo.<\/em><\/p>\n<p align=\"center\"><em>E tamb\u00e9m\u00a0 era amor. Ainda maior que seu poder e mais profunda que sua criatividade, havia uma caracter\u00edstica que resumia tudo o que Ele realmente era:<\/em><\/p>\n<p align=\"center\"><strong><em>Amor.<\/em><\/strong><\/p>\n<p>A\u00a0 \u00e1gua pode ser molhada, o fogo pode ser quente. Mas, voc\u00ea n\u00e3o pode tirar o molhado da \u00e1gua e continuar a t\u00ea-la. Tamb\u00e9m n\u00e3o pode tirar o calor do fogo e continuar com ele.<\/p>\n<p align=\"center\"><em>Do mesmo modo, n\u00e3o pode tirar o amor Daquele que viveu antes dos tempos e continuar a compartilhar de sua exist\u00eancia. Pois Ele era&#8230; e \u00e9&#8230; <strong>Amor.<\/strong><\/em><\/p>\n<p align=\"center\"><em>Esquadrinhe as profundezas do seu interior, explore cada canto; procure cada \u00e2ngulo. Amor \u00e9 tudo o que vai encontrar. V\u00e1 para o inicio de cada decis\u00e3o que Ele tomou e o encontrar\u00e1. V\u00e1 para o fim de cada hist\u00f3ria que Ele contou e tamb\u00e9m o ver\u00e1.<\/em><\/p>\n<p align=\"center\"><strong><em>Amor.<\/em><\/strong><em> <\/em><\/p>\n<p align=\"center\"><em>N\u00e3o existe amargura, nem maldade ou crueldade.Apenas amor; amor impec\u00e1vel; intenso; vasto e puro. Ele \u00e9 <strong>Amor.<\/strong><\/em><\/p>\n<p align=\"center\"><em>Como resultado o elefante ganhou uma tromba com a qual \u00e9 capaz de matar sua sede. O gatinho tem uma m\u00e3e que cuida dele. O p\u00e1ssaro possui um ninho onde pode descansar. O mesmo Deus, que foi poderoso o bastante para esculpir os desfiladeiros, \u00e9 t\u00e3o\u00a0 bondoso para colocar vegeta\u00e7\u00e3o nas bases das montanhas a fim\u00a0 de mant\u00ea-las aquecidas.A mesma for\u00e7a que fornece simetria aos planetas leva o beb\u00ea canguru para a bolsa se sua m\u00e3e, antes de saber que est\u00e1 gr\u00e1vida.E por ser que Ele \u00e9, fez o que fez.<\/em><\/p>\n<p align=\"center\"><em>Ele criou o para\u00edso. Um santu\u00e1rio imaculado. Um porto seguro anterior ao temor. Um lar antes de existir um habitante. N\u00e3o havia tempo, nem\u00a0 morte,nem sofrimento. Um presente constru\u00eddo por Deus para a sua \u00faltima cria\u00e7\u00e3o. E assim que tinha terminado, Ele sabia que tudo aquilo <strong>\u201cera muito bom\u201d.<\/strong><\/em><\/p>\n<p align=\"center\"><em>Mas n\u00e3o era o bastante.<\/em><\/p>\n<p align=\"center\"><em>Sua maior obra ainda n\u00e3o estava completa. Uma obra prima final era necess\u00e1ria antes que Ele parasse.<\/em><\/p>\n<p>Olhe em dire\u00e7\u00e3o aos desfiladeiros a fim de ver o esplendor do Criador. Toque as flores e veja a delicadeza que Ele colocou nelas. Escute o trov\u00e3o e note seu poder. Mas, detenha-se no verdadeiro auge, e testemunhe todos os tr\u00eas&#8230; e muito mais.<\/p>\n<div>\n<p align=\"center\"><em>Imagine junto comigo o que aconteceu naquele dia.<\/em><\/p>\n<p align=\"center\"><em>\u00a0<\/em><\/p>\n<\/div>\n<p align=\"center\">Ele colocou uma concha de barro sob a outra, at\u00e9 obter uma forma inanimada sobre o ch\u00e3o.<\/p>\n<p align=\"center\">Todos os habitantes do jardim pararam para assistir ao evento. Os falc\u00f5es rondavam; as girafas se espichavam; as \u00e1rvores se inclinavam; as borboletas se detinham\u00a0 sobre as p\u00e9talas e assistiam.<\/p>\n<p align=\"center\">&#8211;\u00a0\u00a0\u00a0\u00a0\u00a0\u00a0\u00a0\u00a0\u00a0 Voc\u00ea vai me amar, natureza, &#8211; Deus dizia \u2013 eu a fiz assim. Voc\u00ea vai me obedecer , universo, pois foi projetado para isso. C\u00e9us voc\u00eas v\u00e3o resplandecer a minha gl\u00f3ria, pois foi para esse fim que fora criados. Mas este aqui se assemelhar\u00e1 comigo. Ele ser\u00e1 capaz de escolher.<\/p>\n<p align=\"center\">Todos estavam em sil\u00eancio enquanto o Criador olhou para dentro de si mesmo e removeu algo jamais visto. Uma semente.<\/p>\n<p align=\"center\">Ela se chama \u201cLivre arb\u00edtrio\u201d. A semente do Livre arb\u00edtrio.<\/p>\n<p align=\"center\">Toda a cria\u00e7\u00e3o se manteve em sil\u00eancio, prestando aten\u00e7\u00e3o na forma inanimada.<\/p>\n<p align=\"center\">Ent\u00e3o, um anjo falou:<\/p>\n<p align=\"center\">-Mas o que acontece se ele escolher&#8230;<\/p>\n<p align=\"center\">-O que acontece se ele escolher n\u00e3o amar? \u2013 o Criador finalizou. \u2013 Venha que eu te mostrarei.<\/p>\n<p align=\"center\">Desgarrados do mundo presente, Deus e o anjo foram passear pelo reino do futuro.<\/p>\n<p align=\"center\">-L\u00e1 est\u00e1, veja os frutos da semente do Livre arb\u00edtrio, tanto o doce como o amargo.<\/p>\n<p align=\"center\">O anjo respirou bem fundo com o que viu. Amor espont\u00e2neo; devo\u00e7\u00e3o volunt\u00e1ria; op\u00e7\u00e3o pela ternura.Ele nunca tinha visto algo assim. Sentiu o amor de Ad\u00e3o, ouviu a alegria de Eva e suas filhas, viu o alimento e o trabalho sendo compartilhados, absorveu a bondade\u00a0 e se maravilhou com o carinho.<\/p>\n<p align=\"center\">-O c\u00e9u nunca viu\u00a0 tamanha beleza, meu Senhor. Verdadeiramente , e a sua maior cria\u00e7\u00e3o.<\/p>\n<p align=\"center\">-Mas voc\u00ea viu apenas a parte doce. Agora testemunhe a parte amarga.<\/p>\n<p align=\"center\">Um\u00a0 mau cheiro envolveu os dois. O anjo ficou horrorizado e gritou:<\/p>\n<p align=\"center\">-O que \u00e9 isso???<\/p>\n<p align=\"center\">O Criador proferiu apenas uma palavra:<\/p>\n<p align=\"center\">-Ego\u00edsmo!<\/p>\n<p align=\"center\">O anjo ficou mudo enquanto passeavam entre os s\u00e9culos de repugn\u00e2ncia. Ele nunca tinha visto\u00a0 tamanha imund\u00edcie, cora\u00e7\u00f5es putrefatos, promessas quebradas, lealdades esquecidas. Os filhos da cria\u00e7\u00e3o vagando cegamente em labirintos solit\u00e1rios.<\/p>\n<p align=\"center\">-Este \u00e9 o resultado do\u00a0 livre arb\u00edtrio? \u2013 Perguntou o anjo.<\/p>\n<p align=\"center\">-Sim.<\/p>\n<p align=\"center\">-Eles ir\u00e3o rejeitar o Senhor??<\/p>\n<p align=\"center\">-Sim.<\/p>\n<p align=\"center\">-Eles nunca retornar\u00e3o para ti??<\/p>\n<p align=\"center\">-Alguns sim, mas a maioria n\u00e3o.<\/p>\n<p align=\"center\">-O que precisa acontecer para que eles possam escutar?<\/p>\n<p align=\"center\">O criador prosseguiu a caminhada no tempo, cada vez mais para o futuro, at\u00e9 chegar ao lado\u00a0 de uma \u00e1rvore. Uma \u00e1rvore que seria modelada em\u00a0 um ber\u00e7o. At\u00e9 ali, naquele lugar, ele podia sentir o aroma da forragem seca que o envolveria.<\/p>\n<p align=\"center\">Com um outro passo para o futuro, ele parou diante de outra \u00e1rvore. Ela era solit\u00e1ria, a soberana teimosa em um monte sem vegeta\u00e7\u00e3o. O tronco era grosso e a madeira forte. Logo ela seria cortada. Podada. Seria colocada sobre o cume rochoso de outro monte. E em breve ele seria pendurado nela.<\/p>\n<p align=\"center\">Sentiu a aspereza da madeira contra as costas que n\u00e3o tinham experimentado aquilo.<\/p>\n<p align=\"center\">-Voc\u00ea vai para l\u00e1??? \u2013 O\u00a0 anjo perguntou.<\/p>\n<p align=\"center\">-Vou sim.<\/p>\n<p align=\"center\">-N\u00e3o h\u00e1 uma outra maneira?<\/p>\n<p align=\"center\">-N\u00e3o, n\u00e3o h\u00e1.<\/p>\n<p align=\"center\">-N\u00e3o seria mais f\u00e1cil n\u00e3o plantar a semente? N\u00e3o seria mais f\u00e1cil n\u00e3o fornecer o livre arb\u00edtrio?<\/p>\n<p align=\"center\">-Seria. \u2013 respondeu lentamente o Criador \u2013 Mas remover o livre arb\u00edtrio \u00e9 remover o amor.<\/p>\n<p align=\"center\">Ele, ent\u00e3o, olhou ao redor do monte e previu uma cena. Tr\u00eas figuras penduradas em tr\u00eas cruzes, de bra\u00e7os abertos , cabe\u00e7as ca\u00eddas para frente. Gemiam \u00e0 medida que soprava o vento.<\/p>\n<p align=\"center\">Homens vestidos com uniforme de soldado sentavam-se no ch\u00e3o, pr\u00f3ximos ao trio. Brincavam em meio a poeira e riam.<\/p>\n<p align=\"center\">Homens vestidos de religiosos ficavam \u00e0 dist\u00e2ncia. Sorriam. Arrogantes e pretensiosos. Pensavam que estavam protegendo a Deus, matando, naquele momento, o falso deus.<\/p>\n<p align=\"center\">Mulheres vestidas de tristeza se amontoavam aos p\u00e9s do monte. Mudas. Tinham os rostos marcados de l\u00e1grimas, olhos baixos. Uma colocou o bra\u00e7o sobre a outra e tentou tir\u00e1-la daquele lugar, mas ela n\u00e3o sairia dali.<\/p>\n<p align=\"center\">-Vou ficar. \u2013 disse com firmeza \u2013 vou ficar.<\/p>\n<p align=\"center\">Todo o c\u00e9u se levantou para lutar. Toda a natureza se p\u00f4s de p\u00e9 para resgatar. Toda a eternidade se posicionou para proteger. Mas o Criador n\u00e3o proferiu nenhuma ordem.<\/p>\n<p align=\"center\">-Isso deve ser feito&#8230; \u2013 Ele disse e se retirou.<\/p>\n<p align=\"center\">Mas quando Ele pisou de volta ao tempo, ouviu o grito que um dia Ele mesmo soltaria:<em><\/em><\/p>\n<p align=\"center\"><em>\u201cMeu Deus, meu Deus! Por que me abandonou?\u201d.<\/em> Retorceu-se diante da agonia futura.<\/p>\n<p align=\"center\">Ent\u00e3o, o anjo falou novamente:<\/p>\n<p align=\"center\">-Seria menos penoso&#8230;<\/p>\n<p align=\"center\">O criador interrompeu educadamente:<\/p>\n<p align=\"center\">-Mas n\u00e3o seria amor.<\/p>\n<p align=\"center\">Eles voltaram\u00a0 para o Jardim. O Criador olhou com toda sinceridade para sua cria\u00e7\u00e3o de barro. Um vento de amor percorreu todo seu ser. Tinha morrido pela cria\u00e7\u00e3o antes de cria-la. A forma de Deus inclinou-se sobre a face esculpida e soprou o f\u00f4lego. A poeira agitou-se sobre os l\u00e1bios da nova criatura. O peito inchou, rachando o barro avermelhado. As bochechas criaram formas, um dedo se moveu e os olhos se abriram.<\/p>\n<p align=\"center\">Mas incr\u00edvel que o movimento da carne foi a agita\u00e7\u00e3o do esp\u00edrito. Todos que conseguiam ver o que nunca fora visto antes, palpitavam.<\/p>\n<p align=\"center\">\u00a0Talvez tenha sido o vento que falou primeiro. Talvez foi o que a estrela viu naquele movimento que a fez brilhar pelo resto da vida. Talvez sobrou para que um anjo sussurrasse o seguinte:<\/p>\n<p align=\"center\">-Parece&#8230; assemelha-se muito &#8230; \u00e9 ele pr\u00f3prio!<\/p>\n<p align=\"center\">O anjo n\u00e3o estava falando da face, das caracter\u00edsticas ou do corpo. Ele estava olhando para o interior, para a alma.<\/p>\n<p align=\"center\">-\u00c9 eterno! \u2013 falou o outro, ofegante.<\/p>\n<p align=\"center\">Dentro do homem, Deus colocou uma semente divina. Uma semente dele mesmo. O Deus de poder criou o ser mais poderoso da terra. O Criador fez, n\u00e3o somente uma criatura, mas um outro criador. E Aquele que escolheu amar criou algu\u00e9m que poderia am\u00e1-lo de volta.<\/p>\n<p align=\"center\"><strong><em><span style=\"text-decoration: underline;\">AGORA A ESCOLHA \u00c9 NOSSA.<\/span><\/em><\/strong><\/p>\n<div id=\"fb_share_1\" style=\"float: right; margin-left: 10px;\"><a name=\"fb_share\" type=\"box_count\" share_url=\"https:\/\/www.discipulosemfeira.com.br\/v1\/?page_id=99\" href=\"http:\/\/www.facebook.com\/sharer.php\">Share<\/a><\/div><div><script src=\"http:\/\/static.ak.fbcdn.net\/connect.php\/js\/FB.Share\" type=\"text\/javascript\"><\/script><\/div>","protected":false},"excerpt":{"rendered":"<p>Max Lucado (Um dia na vida de Jesus) \u00a0 \u00a0 -Por que sempre decido fazer o que \u00e9 ruim? \u2013 Perguntou a minha filha, desconhecendo que essa duvida tamb\u00e9m pertence a muitos seguidores da verdade: \u201cPor que fa\u00e7o o que detesto?\u201d, \u201cQue loucura \u00e9 essa que se encontra dentro de mim?\u201d, Ou, talvez uma pergunta &hellip; <\/p>\n<p><a class=\"more-link btn\" href=\"https:\/\/www.discipulosemfeira.com.br\/v1\/?page_id=99\">Continue lendo<\/a><\/p>\n","protected":false},"author":2,"featured_media":0,"parent":73,"menu_order":0,"comment_status":"open","ping_status":"open","template":"","meta":{"footnotes":""},"_links":{"self":[{"href":"https:\/\/www.discipulosemfeira.com.br\/v1\/index.php?rest_route=\/wp\/v2\/pages\/99"}],"collection":[{"href":"https:\/\/www.discipulosemfeira.com.br\/v1\/index.php?rest_route=\/wp\/v2\/pages"}],"about":[{"href":"https:\/\/www.discipulosemfeira.com.br\/v1\/index.php?rest_route=\/wp\/v2\/types\/page"}],"author":[{"embeddable":true,"href":"https:\/\/www.discipulosemfeira.com.br\/v1\/index.php?rest_route=\/wp\/v2\/users\/2"}],"replies":[{"embeddable":true,"href":"https:\/\/www.discipulosemfeira.com.br\/v1\/index.php?rest_route=%2Fwp%2Fv2%2Fcomments&post=99"}],"version-history":[{"count":3,"href":"https:\/\/www.discipulosemfeira.com.br\/v1\/index.php?rest_route=\/wp\/v2\/pages\/99\/revisions"}],"predecessor-version":[{"id":102,"href":"https:\/\/www.discipulosemfeira.com.br\/v1\/index.php?rest_route=\/wp\/v2\/pages\/99\/revisions\/102"}],"up":[{"embeddable":true,"href":"https:\/\/www.discipulosemfeira.com.br\/v1\/index.php?rest_route=\/wp\/v2\/pages\/73"}],"wp:attachment":[{"href":"https:\/\/www.discipulosemfeira.com.br\/v1\/index.php?rest_route=%2Fwp%2Fv2%2Fmedia&parent=99"}],"curies":[{"name":"wp","href":"https:\/\/api.w.org\/{rel}","templated":true}]}}